{"id":202,"date":"2020-01-15T17:20:04","date_gmt":"2020-01-15T16:20:04","guid":{"rendered":"http:\/\/julien-ancelin.fr\/?page_id=202"},"modified":"2024-03-10T01:14:15","modified_gmt":"2024-03-10T00:14:15","slug":"activites-de-mediation-scientifique","status":"publish","type":"page","link":"https:\/\/julien-ancelin.fr\/?page_id=202","title":{"rendered":"M\u00e9dias et m\u00e9diation scientifique"},"content":{"rendered":"\n<p><strong>Publications dans le cadre de blog d&rsquo;analyse juridique et strat\u00e9gique <\/strong><\/p>\n\n\n\n<p>R\u00e9daction d&rsquo;articles en droit international : <\/p>\n\n\n\n<p><span style=\"text-decoration: underline;\">Pour la Plateforme d&rsquo;\u00e9tudes strat\u00e9giques <strong>Le Rubicon<\/strong><\/span> (en co-\u00e9criture avec O. Vidal en 2023) :<a href=\"https:\/\/lerubicon.org\/larme-du-froid-le-droit-international-autorise-t-il-lattaque-des-installations-energetiques-ukrainiennes\/\" target=\"_blank\" rel=\"noopener\"> L\u2019arme du froid : le droit international autorise-t-il l\u2019attaque des installations \u00e9nerg\u00e9tiques ukrainiennes ? <\/a><\/p>\n\n\n\n<p><span style=\"text-decoration: underline;\">Pour le Blog de r\u00e9flexion juridique <strong>Le Club des Juristes<\/strong> (en 2024)<\/span> : <a href=\"https:\/\/www.leclubdesjuristes.com\/international\/frappe-accidentelle-de-tsahal-contre-un-poste-egyptien-une-erreur-de-ciblage-peut-elle-engendrer-lextension-du-conflit-arme-1339\/\" target=\"_blank\" rel=\"noopener\">Frappe accidentelle de Tsahal contre un poste \u00e9gyptien : une erreur de ciblage peut-elle engendrer l\u2019extension\u00a0du conflit arm\u00e9\u00a0?<\/a><\/p>\n\n\n\n<p><span style=\"text-decoration: underline;\">Pour le Portail de m\u00e9diation scientifique <strong>The Conversation <\/strong>(en 2023)<\/span> : <a href=\"https:\/\/theconversation.com\/les-attaques-russes-contre-les-installations-energetiques-ukrainiennes-sont-elles-licites-au-regard-du-droit-international-humanitaire-199709\" target=\"_blank\" rel=\"noopener\">Les attaques russes contre les installations \u00e9nerg\u00e9tiques ukrainiennes\u00a0sont-elles\u00a0licites au regard du droit international humanitaire\u00a0?<\/a><\/p>\n\n\n\n<hr class=\"wp-block-separator has-text-color has-black-color has-css-opacity has-black-background-color has-background is-style-dots\"\/>\n\n\n\n<p><strong>Animation d&rsquo;une \u00e9mission de radio bimensuelle entre 2018 et 2021<\/strong><\/p>\n\n\n\n<p><strong>Animation de podcast d&rsquo;analyse juridique de la crise sanitaire <\/strong><\/p>\n\n\n\n<p>La crise du coronavirus et le confinement du printemps 2020 ont eu des cons\u00e9quences juridiques d&rsquo;ampleur! Retrouvez 7 \u00e9clairages th\u00e9matiques enregistr\u00e9s en formats courts (30 minutes) sur des objets vari\u00e9s tels que l&rsquo;<a href=\"https:\/\/soundcloud.com\/radiocampusbx\/titre?in=radiocampusbx\/sets\/btd-les-chroniques-de-codi-19\" target=\"_blank\" rel=\"noopener\">\u00e9tat d&rsquo;urgence sanitaire<\/a>, le <a href=\"https:\/\/soundcloud.com\/radiocampusbx\/btd-covid19-et-backtracking-les-enjeux-juridiques-de-lappli-stopcovid?in=radiocampusbx\/sets\/btd-les-chroniques-de-codi-19\" target=\"_blank\" rel=\"noopener\">backtracking<\/a>, les <a href=\"https:\/\/soundcloud.com\/radiocampusbx\/btd-numero-special-codi19-02?in=radiocampusbx\/sets\/btd-les-chroniques-de-codi-19\" target=\"_blank\" rel=\"noopener\">bouleversements conceptuels provoqu\u00e9s par la pand\u00e9mie<\/a>, mais aussi bien d&rsquo;<a href=\"https:\/\/soundcloud.com\/radiocampusbx\/sets\/btd-les-chroniques-de-codi-19\" target=\"_blank\" rel=\"noopener\">autres analyses<\/a>&#8230; <\/p>\n\n\n\n<hr class=\"wp-block-separator has-text-color has-black-color has-css-opacity has-black-background-color has-background is-style-dots\"\/>\n\n\n\n<p><strong>Animation d&rsquo;une \u00e9mission de radio bimensuelle entre 2018 et 2021<\/strong><\/p>\n\n\n\n<p>Format bi-mensuel diffus\u00e9 par la Station <a href=\"http:\/\/www.bordeaux.radio-campus.org\" target=\"_blank\" rel=\"noopener\"><strong>Radio Campus Bordeaux<\/strong><\/a>. L&rsquo;\u00e9mission d&rsquo;une dur\u00e9e d&rsquo;une heure est anim\u00e9e par une \u00e9quipe dynamique de jeunes chercheurs (doctorants et docteurs) de l&rsquo;Universit\u00e9 de Bordeaux. L&rsquo;\u00e9mission accueille parfois des invit\u00e9s, en fonction des th\u00e9matiques abord\u00e9es (avocats, magistrats, personnels de sant\u00e9). <br>L&rsquo;\u00e9mission traite de fa\u00e7on ludique et ouverte des enjeux contemporains de soci\u00e9t\u00e9 sous l&rsquo;angle de l&rsquo;analyse juridique (qu&rsquo;il s&rsquo;agisse de pr\u00e9sentation de l&rsquo;\u00e9tat du droit interne, europ\u00e9en ou international). <\/p>\n\n\n\n<p>Vous pouvez retrouver les th\u00e8mes d&rsquo;actualit\u00e9 trait\u00e9s dans l&rsquo;\u00e9mission tels que <strong><a href=\"https:\/\/soundcloud.com\/radiocampusbx\/17-04-btd-13-le-droit-dans-les-fictions?in=radiocampusbx\/sets\/balance-ton-droit-1-mercredi\" target=\"_blank\" rel=\"noopener\">droit et fiction<\/a><\/strong>, <strong><a href=\"https:\/\/soundcloud.com\/radiocampusbx\/sets\/balance-ton-droit-1-mercredi\" target=\"_blank\" rel=\"noopener\">le droit face au secret d\u00e9fense<\/a><\/strong>, <a href=\"https:\/\/soundcloud.com\/radiocampusbx\/btd17-nucleaire-iran-usa-manifestations-responsabilite-des-multinationales?in=radiocampusbx\/sets\/balance-ton-droit-1-mercredi\" target=\"_blank\" rel=\"noopener\"><strong>le droit international face \u00e0 la situation en Iran (retrait de l&rsquo;accord sur le nucl\u00e9aire)<\/strong><\/a>, <strong><a href=\"https:\/\/soundcloud.com\/radiocampusbx\/btd1-droit-et-environnement-kurdistan?in=radiocampusbx\/sets\/balance-ton-droit-1-mercredi\" target=\"_blank\" rel=\"noopener\">le droit international face \u00e0 la situation au Kurdistan (dans le contexte de l&rsquo;intervention arm\u00e9e de la Turquie)<\/a><\/strong> ou encore <strong><a href=\"https:\/\/soundcloud.com\/radiocampusbx\/btd-10-filme-grace-a-dieu-vs-affaires-de-pedophilie-dans-leglise-conseil-constitutionnel?in=radiocampusbx\/sets\/balance-ton-droit-1-mercredi\" target=\"_blank\" rel=\"noopener\">le droit face aux affaires de p\u00e9dophilie dans l&rsquo;\u00e9glise<\/a> (droit canonique et culture du secret)<\/strong>. <\/p>\n","protected":false},"excerpt":{"rendered":"<p>Publications dans le cadre de blog d&rsquo;analyse juridique et strat\u00e9gique R\u00e9daction d&rsquo;articles en droit international : Pour la Plateforme d&rsquo;\u00e9tudes strat\u00e9giques Le Rubicon (en co-\u00e9criture avec O. Vidal&#8230;<\/p>\n","protected":false},"author":1,"featured_media":0,"parent":0,"menu_order":6,"comment_status":"closed","ping_status":"closed","template":"","meta":{"footnotes":""},"class_list":["post-202","page","type-page","status-publish","hentry"],"_links":{"self":[{"href":"https:\/\/julien-ancelin.fr\/index.php?rest_route=\/wp\/v2\/pages\/202","targetHints":{"allow":["GET"]}}],"collection":[{"href":"https:\/\/julien-ancelin.fr\/index.php?rest_route=\/wp\/v2\/pages"}],"about":[{"href":"https:\/\/julien-ancelin.fr\/index.php?rest_route=\/wp\/v2\/types\/page"}],"author":[{"embeddable":true,"href":"https:\/\/julien-ancelin.fr\/index.php?rest_route=\/wp\/v2\/users\/1"}],"replies":[{"embeddable":true,"href":"https:\/\/julien-ancelin.fr\/index.php?rest_route=%2Fwp%2Fv2%2Fcomments&post=202"}],"version-history":[{"count":21,"href":"https:\/\/julien-ancelin.fr\/index.php?rest_route=\/wp\/v2\/pages\/202\/revisions"}],"predecessor-version":[{"id":802,"href":"https:\/\/julien-ancelin.fr\/index.php?rest_route=\/wp\/v2\/pages\/202\/revisions\/802"}],"wp:attachment":[{"href":"https:\/\/julien-ancelin.fr\/index.php?rest_route=%2Fwp%2Fv2%2Fmedia&parent=202"}],"curies":[{"name":"wp","href":"https:\/\/api.w.org\/{rel}","templated":true}]}}