{"id":303,"date":"2020-11-11T15:10:21","date_gmt":"2020-11-11T14:10:21","guid":{"rendered":"https:\/\/julien-ancelin.fr\/?page_id=303"},"modified":"2024-03-09T23:08:33","modified_gmt":"2024-03-09T22:08:33","slug":"lawfare","status":"publish","type":"page","link":"https:\/\/julien-ancelin.fr\/?page_id=303","title":{"rendered":"Lawfare"},"content":{"rendered":"\n<p class=\"has-text-align-right\"> <\/p>\n\n\n<div class=\"wp-block-image\">\n<figure class=\"alignright size-large is-resized\"><img loading=\"lazy\" decoding=\"async\" width=\"766\" height=\"1024\" src=\"https:\/\/julien-ancelin.fr\/wp-content\/uploads\/2020\/11\/Capture-decran-2020-11-12-a-00.11.02-766x1024.png\" alt=\"\" class=\"wp-image-354\" style=\"width:176px;height:234px\" srcset=\"https:\/\/julien-ancelin.fr\/wp-content\/uploads\/2020\/11\/Capture-decran-2020-11-12-a-00.11.02-766x1024.png 766w, https:\/\/julien-ancelin.fr\/wp-content\/uploads\/2020\/11\/Capture-decran-2020-11-12-a-00.11.02-224x300.png 224w, https:\/\/julien-ancelin.fr\/wp-content\/uploads\/2020\/11\/Capture-decran-2020-11-12-a-00.11.02-768x1027.png 768w, https:\/\/julien-ancelin.fr\/wp-content\/uploads\/2020\/11\/Capture-decran-2020-11-12-a-00.11.02.png 814w\" sizes=\"auto, (max-width: 766px) 100vw, 766px\" \/><\/figure>\n<\/div>\n\n\n<p>Le lawfare est un proc\u00e9d\u00e9 qui tend \u00e0 faire du droit international une variable strat\u00e9gique dans le conflit. En menant une v\u00e9ritable guerre du droit, les tenants de cette notion transforment la fonction de la mati\u00e8re juridique : le juriste est pr\u00e9sent\u00e9 comme un soldat. <\/p>\n\n\n\n<p>Dans la p\u00e9riode de tensions que connaissent les relations internationales contemporaines, cette tendance qui participe \u00e0 d\u00e9construire les cadres \u00e9tablis doit \u00eatre interrog\u00e9e, tant pour les risques qu&rsquo;elle engendre que pour les critiques qu&rsquo;elle peut susciter de point de vue du droit international.<\/p>\n\n\n\n<div class=\"wp-block-buttons is-layout-flex wp-block-buttons-is-layout-flex\">\n<div class=\"wp-block-button\"><a class=\"wp-block-button__link wp-element-button\" href=\"https:\/\/julien-ancelin.fr\/?page_id=474\">Publications scientifiques<\/a><\/div>\n\n\n\n<div class=\"wp-block-button\"><a class=\"wp-block-button__link wp-element-button\" href=\"https:\/\/julien-ancelin.fr\/?page_id=431\">Colloques et s\u00e9minaires de recherche<\/a><\/div>\n<\/div>\n\n\n\n<p><\/p>\n","protected":false},"excerpt":{"rendered":"<p>Le lawfare est un proc\u00e9d\u00e9 qui tend \u00e0 faire du droit international une variable strat\u00e9gique dans le conflit. En menant une v\u00e9ritable guerre du droit, les tenants de&#8230;<\/p>\n","protected":false},"author":2,"featured_media":0,"parent":0,"menu_order":4,"comment_status":"closed","ping_status":"closed","template":"","meta":{"footnotes":""},"class_list":["post-303","page","type-page","status-publish","hentry"],"_links":{"self":[{"href":"https:\/\/julien-ancelin.fr\/index.php?rest_route=\/wp\/v2\/pages\/303","targetHints":{"allow":["GET"]}}],"collection":[{"href":"https:\/\/julien-ancelin.fr\/index.php?rest_route=\/wp\/v2\/pages"}],"about":[{"href":"https:\/\/julien-ancelin.fr\/index.php?rest_route=\/wp\/v2\/types\/page"}],"author":[{"embeddable":true,"href":"https:\/\/julien-ancelin.fr\/index.php?rest_route=\/wp\/v2\/users\/2"}],"replies":[{"embeddable":true,"href":"https:\/\/julien-ancelin.fr\/index.php?rest_route=%2Fwp%2Fv2%2Fcomments&post=303"}],"version-history":[{"count":18,"href":"https:\/\/julien-ancelin.fr\/index.php?rest_route=\/wp\/v2\/pages\/303\/revisions"}],"predecessor-version":[{"id":787,"href":"https:\/\/julien-ancelin.fr\/index.php?rest_route=\/wp\/v2\/pages\/303\/revisions\/787"}],"wp:attachment":[{"href":"https:\/\/julien-ancelin.fr\/index.php?rest_route=%2Fwp%2Fv2%2Fmedia&parent=303"}],"curies":[{"name":"wp","href":"https:\/\/api.w.org\/{rel}","templated":true}]}}