{"id":307,"date":"2020-11-11T15:13:04","date_gmt":"2020-11-11T14:13:04","guid":{"rendered":"https:\/\/julien-ancelin.fr\/?page_id=307"},"modified":"2020-12-09T15:15:35","modified_gmt":"2020-12-09T14:15:35","slug":"securite-et-defense-europeenne","status":"publish","type":"page","link":"https:\/\/julien-ancelin.fr\/?page_id=307","title":{"rendered":"S\u00e9curit\u00e9 et d\u00e9fense europ\u00e9enne"},"content":{"rendered":"\n<div class=\"wp-block-image\"><figure class=\"alignright size-large is-resized\"><img loading=\"lazy\" decoding=\"async\" src=\"https:\/\/julien-ancelin.fr\/wp-content\/uploads\/2020\/11\/Capture-decran-2020-11-15-a-23.03.21-3.png\" alt=\"\" class=\"wp-image-641\" width=\"197\" height=\"225\" srcset=\"https:\/\/julien-ancelin.fr\/wp-content\/uploads\/2020\/11\/Capture-decran-2020-11-15-a-23.03.21-3.png 586w, https:\/\/julien-ancelin.fr\/wp-content\/uploads\/2020\/11\/Capture-decran-2020-11-15-a-23.03.21-3-262x300.png 262w, https:\/\/julien-ancelin.fr\/wp-content\/uploads\/2020\/11\/Capture-decran-2020-11-15-a-23.03.21-3-508x581.png 508w\" sizes=\"auto, (max-width: 197px) 100vw, 197px\" \/><\/figure><\/div>\n\n\n\n<p>La s\u00e9curit\u00e9 et la d\u00e9fense sont au coeur du projet europ\u00e9en.  Le Trait\u00e9 de Lisbonne leur consacre d&rsquo;ailleurs de larges d\u00e9veloppements.  Depuis 2016, le Conseil europ\u00e9en cherche \u00e0 renforcer la coop\u00e9ration  des Etats membre afin de r\u00e9agir aux conflits  externes, renforcer les capacit\u00e9s de ses partenaires et prot\u00e9ger l\u2019Union europ\u00e9enne.<\/p>\n\n\n\n<p>L&rsquo;Union a construit au fil du temps un ensemble de politiques communes en mati\u00e8re d&rsquo;armements et de technologies duales destin\u00e9es \u00e0 renforcer la s\u00e9curit\u00e9 au sein de ses fronti\u00e8res et \u00e0 responsabiliser, sans y parvenir compl\u00e8tement, l&rsquo;action de ses Etats membres \u00e0 l&rsquo;ext\u00e9rieur de son espace.<\/p>\n\n\n\n<p class=\"has-text-align-right\"> <\/p>\n\n\n\n<div class=\"wp-block-buttons is-layout-flex wp-block-buttons-is-layout-flex\">\n<div class=\"wp-block-button\"><a class=\"wp-block-button__link\" href=\"https:\/\/julien-ancelin.fr\/?page_id=479\">Publications scientifiques<\/a><\/div>\n\n\n\n<div class=\"wp-block-button\"><a class=\"wp-block-button__link\" href=\"https:\/\/julien-ancelin.fr\/?page_id=555\">Colloques et conf\u00e9rences<\/a><\/div>\n<\/div>\n\n\n\n<p><\/p>\n","protected":false},"excerpt":{"rendered":"<p>La s\u00e9curit\u00e9 et la d\u00e9fense sont au coeur du projet europ\u00e9en. Le Trait\u00e9 de Lisbonne leur consacre d&rsquo;ailleurs de larges d\u00e9veloppements. Depuis 2016, le Conseil europ\u00e9en cherche \u00e0&#8230;<\/p>\n","protected":false},"author":2,"featured_media":0,"parent":0,"menu_order":0,"comment_status":"closed","ping_status":"closed","template":"","meta":{"footnotes":""},"class_list":["post-307","page","type-page","status-publish","hentry"],"_links":{"self":[{"href":"https:\/\/julien-ancelin.fr\/index.php?rest_route=\/wp\/v2\/pages\/307","targetHints":{"allow":["GET"]}}],"collection":[{"href":"https:\/\/julien-ancelin.fr\/index.php?rest_route=\/wp\/v2\/pages"}],"about":[{"href":"https:\/\/julien-ancelin.fr\/index.php?rest_route=\/wp\/v2\/types\/page"}],"author":[{"embeddable":true,"href":"https:\/\/julien-ancelin.fr\/index.php?rest_route=\/wp\/v2\/users\/2"}],"replies":[{"embeddable":true,"href":"https:\/\/julien-ancelin.fr\/index.php?rest_route=%2Fwp%2Fv2%2Fcomments&post=307"}],"version-history":[{"count":16,"href":"https:\/\/julien-ancelin.fr\/index.php?rest_route=\/wp\/v2\/pages\/307\/revisions"}],"predecessor-version":[{"id":709,"href":"https:\/\/julien-ancelin.fr\/index.php?rest_route=\/wp\/v2\/pages\/307\/revisions\/709"}],"wp:attachment":[{"href":"https:\/\/julien-ancelin.fr\/index.php?rest_route=%2Fwp%2Fv2%2Fmedia&parent=307"}],"curies":[{"name":"wp","href":"https:\/\/api.w.org\/{rel}","templated":true}]}}