{"id":312,"date":"2020-11-11T15:19:45","date_gmt":"2020-11-11T14:19:45","guid":{"rendered":"https:\/\/julien-ancelin.fr\/?page_id=312"},"modified":"2020-11-19T22:21:03","modified_gmt":"2020-11-19T21:21:03","slug":"securite-collective","status":"publish","type":"page","link":"https:\/\/julien-ancelin.fr\/?page_id=312","title":{"rendered":"S\u00e9curit\u00e9 collective et d\u00e9sarmement"},"content":{"rendered":"\n<div class=\"wp-block-image\"><figure class=\"alignright size-large is-resized\"><img loading=\"lazy\" decoding=\"async\" src=\"https:\/\/julien-ancelin.fr\/wp-content\/uploads\/2020\/11\/Capture-decran-2020-11-15-a-22.34.48-1-edited.png\" alt=\"\" class=\"wp-image-633\" width=\"230\" height=\"230\" srcset=\"https:\/\/julien-ancelin.fr\/wp-content\/uploads\/2020\/11\/Capture-decran-2020-11-15-a-22.34.48-1-edited.png 541w, https:\/\/julien-ancelin.fr\/wp-content\/uploads\/2020\/11\/Capture-decran-2020-11-15-a-22.34.48-1-edited-300x300.png 300w, https:\/\/julien-ancelin.fr\/wp-content\/uploads\/2020\/11\/Capture-decran-2020-11-15-a-22.34.48-1-edited-150x150.png 150w, https:\/\/julien-ancelin.fr\/wp-content\/uploads\/2020\/11\/Capture-decran-2020-11-15-a-22.34.48-1-edited-88x88.png 88w, https:\/\/julien-ancelin.fr\/wp-content\/uploads\/2020\/11\/Capture-decran-2020-11-15-a-22.34.48-1-edited-508x509.png 508w\" sizes=\"auto, (max-width: 230px) 100vw, 230px\" \/><\/figure><\/div>\n\n\n\n<p>La s\u00e9curit\u00e9 collective et le d\u00e9sarmement constituent les th\u00e8mes principaux de mes activit\u00e9s de recherche. <\/p>\n\n\n\n<p>Objet central du droit international depuis la fin de la seconde guerre mondiale, la s\u00e9curit\u00e9 collective, mise en place par la Charte des Nations Unies fa\u00e7onne les relations strat\u00e9giques contemporaines. <br>Ce syst\u00e8me offre une perspective d&rsquo;analyse \u00e0 des objects juridiques et politiques multiples et constitue l&rsquo;un des socles d&rsquo;action du d\u00e9sarmement. Ce cadre m&rsquo;a amen\u00e9 \u00e0 \u00e9tudier plusieurs th\u00e9matiques que vous pouvez retrouver ci-apr\u00e8s\u00a0: <\/p>\n\n\n\n<div class=\"wp-block-buttons is-layout-flex wp-block-buttons-is-layout-flex\">\n<div class=\"wp-block-button\"><a class=\"wp-block-button__link has-white-color has-black-background-color has-text-color has-background\" href=\"https:\/\/julien-ancelin.fr\/?page_id=411\">Enjeux de s\u00e9curit\u00e9 collective et arms control<\/a><\/div>\n\n\n\n<div class=\"wp-block-button\"><a class=\"wp-block-button__link has-white-color has-black-background-color has-text-color has-background\" href=\"https:\/\/julien-ancelin.fr\/?page_id=415\"><strong>Prolif\u00e9ration des armes l\u00e9g\u00e8res et de petit calibre<\/strong><\/a><\/div>\n\n\n\n<div class=\"wp-block-button\"><a class=\"wp-block-button__link has-white-color has-black-background-color has-text-color has-background\" href=\"https:\/\/julien-ancelin.fr\/?page_id=419\">Syst\u00e8mes d&rsquo;armes l\u00e9taux autonomes (SALA)<\/a><\/div>\n\n\n\n<div class=\"wp-block-button\"><a class=\"wp-block-button__link has-white-color has-black-background-color has-text-color has-background\" href=\"https:\/\/julien-ancelin.fr\/?page_id=425\">Utilisation des armes chimiques<\/a><\/div>\n<\/div>\n\n\n\n<p><\/p>\n","protected":false},"excerpt":{"rendered":"<p>La s\u00e9curit\u00e9 collective et le d\u00e9sarmement constituent les th\u00e8mes principaux de mes activit\u00e9s de recherche. Objet central du droit international depuis la fin de la seconde guerre mondiale,&#8230;<\/p>\n","protected":false},"author":2,"featured_media":0,"parent":0,"menu_order":3,"comment_status":"closed","ping_status":"closed","template":"","meta":{"footnotes":""},"class_list":["post-312","page","type-page","status-publish","hentry"],"_links":{"self":[{"href":"https:\/\/julien-ancelin.fr\/index.php?rest_route=\/wp\/v2\/pages\/312","targetHints":{"allow":["GET"]}}],"collection":[{"href":"https:\/\/julien-ancelin.fr\/index.php?rest_route=\/wp\/v2\/pages"}],"about":[{"href":"https:\/\/julien-ancelin.fr\/index.php?rest_route=\/wp\/v2\/types\/page"}],"author":[{"embeddable":true,"href":"https:\/\/julien-ancelin.fr\/index.php?rest_route=\/wp\/v2\/users\/2"}],"replies":[{"embeddable":true,"href":"https:\/\/julien-ancelin.fr\/index.php?rest_route=%2Fwp%2Fv2%2Fcomments&post=312"}],"version-history":[{"count":22,"href":"https:\/\/julien-ancelin.fr\/index.php?rest_route=\/wp\/v2\/pages\/312\/revisions"}],"predecessor-version":[{"id":672,"href":"https:\/\/julien-ancelin.fr\/index.php?rest_route=\/wp\/v2\/pages\/312\/revisions\/672"}],"wp:attachment":[{"href":"https:\/\/julien-ancelin.fr\/index.php?rest_route=%2Fwp%2Fv2%2Fmedia&parent=312"}],"curies":[{"name":"wp","href":"https:\/\/api.w.org\/{rel}","templated":true}]}}