{"id":315,"date":"2020-11-11T15:21:33","date_gmt":"2020-11-11T14:21:33","guid":{"rendered":"https:\/\/julien-ancelin.fr\/?page_id=315"},"modified":"2020-11-19T12:32:06","modified_gmt":"2020-11-19T11:32:06","slug":"investissements-directs-etrangers","status":"publish","type":"page","link":"https:\/\/julien-ancelin.fr\/?page_id=315","title":{"rendered":"Investissements directs \u00e9trangers"},"content":{"rendered":"\n<div class=\"wp-block-image\"><figure class=\"alignright size-large is-resized\"><img loading=\"lazy\" decoding=\"async\" src=\"https:\/\/julien-ancelin.fr\/wp-content\/uploads\/2020\/11\/Capture-decran-2020-11-11-a-23.24.03-4.png\" alt=\"\" class=\"wp-image-352\" width=\"161\" height=\"171\" srcset=\"https:\/\/julien-ancelin.fr\/wp-content\/uploads\/2020\/11\/Capture-decran-2020-11-11-a-23.24.03-4.png 924w, https:\/\/julien-ancelin.fr\/wp-content\/uploads\/2020\/11\/Capture-decran-2020-11-11-a-23.24.03-4-282x300.png 282w, https:\/\/julien-ancelin.fr\/wp-content\/uploads\/2020\/11\/Capture-decran-2020-11-11-a-23.24.03-4-768x818.png 768w\" sizes=\"auto, (max-width: 161px) 100vw, 161px\" \/><\/figure><\/div>\n\n\n\n<p>Les investissements directs \u00e9trangers sont une branche du droit international particuli\u00e8rement dynamique. Je concentre mes travaux sur leur dimension strat\u00e9gique, mais aussi sur les transformations de leur protection, en particulier la tendance qui met \u00e0 la charge de l&rsquo;investisseur des obligations nouvelles susceptibles d&rsquo;affaiblir les garanties dont il dispose.<\/p>\n\n\n\n<h5 class=\"has-text-align-center wp-block-heading\">[Article] \u00ab\u00a0<strong>Le comportement bl\u00e2mable de l\u2019investisseur<\/strong>\u00ab\u00a0<\/h5>\n\n\n\n<h5 class=\"has-text-align-center wp-block-heading\"><em>2017, Publication du R\u00e9seau des jeunes chercheurs de la Soci\u00e9t\u00e9 fran\u00e7aise pour le droit international<\/em><\/h5>\n\n\n\n<div class=\"wp-block-image\"><figure class=\"alignright\"><img loading=\"lazy\" decoding=\"async\" width=\"209\" height=\"300\" src=\"http:\/\/julien-ancelin.fr\/wp-content\/uploads\/2020\/01\/Capture-d\u2019\u00e9cran-2020-01-02-\u00e0-17.38.32-209x300.png\" alt=\"\" class=\"wp-image-115\" srcset=\"https:\/\/julien-ancelin.fr\/wp-content\/uploads\/2020\/01\/Capture-d\u2019\u00e9cran-2020-01-02-\u00e0-17.38.32-209x300.png 209w, https:\/\/julien-ancelin.fr\/wp-content\/uploads\/2020\/01\/Capture-d\u2019\u00e9cran-2020-01-02-\u00e0-17.38.32-768x1102.png 768w, https:\/\/julien-ancelin.fr\/wp-content\/uploads\/2020\/01\/Capture-d\u2019\u00e9cran-2020-01-02-\u00e0-17.38.32-714x1024.png 714w, https:\/\/julien-ancelin.fr\/wp-content\/uploads\/2020\/01\/Capture-d\u2019\u00e9cran-2020-01-02-\u00e0-17.38.32.png 970w\" sizes=\"auto, (max-width: 209px) 100vw, 209px\" \/><\/figure><\/div>\n\n\n\n<p>Cet article constitue une contribution \u00e0 la publication en ligne de la demi-journ\u00e9e d\u2019\u00e9tudes de la SFDI tenue \u00e0 l\u2019Universit\u00e9 Paris Nanterre le vendredi 10 mars 2017 dirig\u00e9e par A.-L Chaumette sur le th\u00e8me de \u00ab\u00a0La&nbsp;p\u00e9nalisation du droit international\u00a0\u00bb.&nbsp;L&rsquo;\u00e9tude pr\u00e9sente l\u2019une des particularit\u00e9s du droit international des investissements: l\u2019impossibilit\u00e9 d\u2019engager la responsabilit\u00e9 internationale de l\u2019investisseur en raison de cette qualit\u00e9.&nbsp;Par la pr\u00e9sentation des r\u00e9actions que le droit international am\u00e9nage, l\u2019article propose un \u00e9clairage sur les espaces d\u2019impunit\u00e9 existant et sur les correctifs qui semblent envisageables pour y rem\u00e9dier.&nbsp;<\/p>\n\n\n\n<p>Vous pouvez<strong> <a href=\"http:\/\/julien-ancelin.fr\/wp-content\/uploads\/2020\/01\/Article-in-Revue-EI.pdf\">retrouver cet article en ligne <\/a><\/strong><\/p>\n\n\n\n<hr class=\"wp-block-separator has-text-color has-background has-black-background-color has-black-color is-style-dots\"\/>\n\n\n\n<p class=\"has-text-align-center\"><strong>[Colloque] Co-direction \u00ab\u00a0Les investissements \u00e9trangers dans le domaine strat\u00e9gique \u2013&nbsp;R\u00e9flexions crois\u00e9es droit-\u00e9conomie\u00a0\u00bb, Universit\u00e9 de Bordeaux, 12 mars 2020<\/strong><\/p>\n\n\n\n<div class=\"wp-block-image\"><figure class=\"alignright size-large is-resized\"><img loading=\"lazy\" decoding=\"async\" src=\"https:\/\/julien-ancelin.fr\/wp-content\/uploads\/2020\/11\/IvtS.jpg\" alt=\"\" class=\"wp-image-571\" width=\"271\" height=\"396\" srcset=\"https:\/\/julien-ancelin.fr\/wp-content\/uploads\/2020\/11\/IvtS.jpg 502w, https:\/\/julien-ancelin.fr\/wp-content\/uploads\/2020\/11\/IvtS-205x300.jpg 205w\" sizes=\"auto, (max-width: 271px) 100vw, 271px\" \/><\/figure><\/div>\n\n\n\n<p>Cette manifestation associant des chercheurs et des professionnels issus d&rsquo;horizon tr\u00e8s divers a eu pour finalit\u00e9 de mettre en lumi\u00e8re les d\u00e9fis que le contr\u00f4le des investissements strat\u00e9giques posent pour l\u2019\u00e9conomie et le droit, qu\u2019il soit nationaux, europ\u00e9ens ou internationaux. Cet \u00e9v\u00e8nement a permis de faire interagir universitaires et membres de la <a href=\"https:\/\/www.frstrategie.org\" target=\"_blank\" rel=\"noopener\">FRS<\/a>, de l&rsquo;<a href=\"https:\/\/www.iris-france.org\" target=\"_blank\" rel=\"noopener\">IRIS<\/a> et de la <a href=\"https:\/\/www.defense.gouv.fr\/dga\" target=\"_blank\" rel=\"noopener\">DGA<\/a>.<\/p>\n\n\n\n<p>Pr\u00e9sentation d&rsquo;une communication : \u00ab\u00a0L&rsquo;accueil des investissements \u00e9trangers depuis l&rsquo;adoption de la loi PACTE\u00a0\u00bb. Cette intervention a mis en lumi\u00e8re les racines et les objectifs des modifications install\u00e9es dans le droit fran\u00e7ais depuis 2018. <\/p>\n\n\n\n<p>Retrouvez le <a href=\"https:\/\/julien-ancelin.fr\/wp-admin\/upload.php?item=572\"><strong>programme de cette manifestation<\/strong><\/a><\/p>\n","protected":false},"excerpt":{"rendered":"<p>Les investissements directs \u00e9trangers sont une branche du droit international particuli\u00e8rement dynamique. Je concentre mes travaux sur leur dimension strat\u00e9gique, mais aussi sur les transformations de leur protection,&#8230;<\/p>\n","protected":false},"author":2,"featured_media":0,"parent":0,"menu_order":5,"comment_status":"closed","ping_status":"closed","template":"","meta":{"footnotes":""},"class_list":["post-315","page","type-page","status-publish","hentry"],"_links":{"self":[{"href":"https:\/\/julien-ancelin.fr\/index.php?rest_route=\/wp\/v2\/pages\/315","targetHints":{"allow":["GET"]}}],"collection":[{"href":"https:\/\/julien-ancelin.fr\/index.php?rest_route=\/wp\/v2\/pages"}],"about":[{"href":"https:\/\/julien-ancelin.fr\/index.php?rest_route=\/wp\/v2\/types\/page"}],"author":[{"embeddable":true,"href":"https:\/\/julien-ancelin.fr\/index.php?rest_route=\/wp\/v2\/users\/2"}],"replies":[{"embeddable":true,"href":"https:\/\/julien-ancelin.fr\/index.php?rest_route=%2Fwp%2Fv2%2Fcomments&post=315"}],"version-history":[{"count":10,"href":"https:\/\/julien-ancelin.fr\/index.php?rest_route=\/wp\/v2\/pages\/315\/revisions"}],"predecessor-version":[{"id":623,"href":"https:\/\/julien-ancelin.fr\/index.php?rest_route=\/wp\/v2\/pages\/315\/revisions\/623"}],"wp:attachment":[{"href":"https:\/\/julien-ancelin.fr\/index.php?rest_route=%2Fwp%2Fv2%2Fmedia&parent=315"}],"curies":[{"name":"wp","href":"https:\/\/api.w.org\/{rel}","templated":true}]}}