{"id":415,"date":"2020-11-17T14:30:04","date_gmt":"2020-11-17T13:30:04","guid":{"rendered":"https:\/\/julien-ancelin.fr\/?page_id=415"},"modified":"2020-12-09T15:28:40","modified_gmt":"2020-12-09T14:28:40","slug":"armes-legeres-et-de-petit-calibre","status":"publish","type":"page","link":"https:\/\/julien-ancelin.fr\/?page_id=415","title":{"rendered":"Armes l\u00e9g\u00e8res et de petit calibre"},"content":{"rendered":"\n<div class=\"wp-block-image\"><figure class=\"alignright size-large is-resized\"><img loading=\"lazy\" decoding=\"async\" src=\"https:\/\/julien-ancelin.fr\/wp-content\/uploads\/2020\/11\/ALPC-1024x677.jpg\" alt=\"\" class=\"wp-image-626\" width=\"243\" height=\"160\" srcset=\"https:\/\/julien-ancelin.fr\/wp-content\/uploads\/2020\/11\/ALPC-1024x677.jpg 1024w, https:\/\/julien-ancelin.fr\/wp-content\/uploads\/2020\/11\/ALPC-300x198.jpg 300w, https:\/\/julien-ancelin.fr\/wp-content\/uploads\/2020\/11\/ALPC-768x507.jpg 768w, https:\/\/julien-ancelin.fr\/wp-content\/uploads\/2020\/11\/ALPC-973x643.jpg 973w, https:\/\/julien-ancelin.fr\/wp-content\/uploads\/2020\/11\/ALPC-508x336.jpg 508w, https:\/\/julien-ancelin.fr\/wp-content\/uploads\/2020\/11\/ALPC.jpg 1365w\" sizes=\"auto, (max-width: 243px) 100vw, 243px\" \/><\/figure><\/div>\n\n\n\n<p>D\u00e9finie comme une menace \u00e0 la paix et \u00e0 la s\u00e9curit\u00e9 internationale, la prolif\u00e9ration des armes l\u00e9g\u00e8res et de petit calibre consitue un enjeu central de l&rsquo;agenda international du d\u00e9but du XXI\u00e8 si\u00e8cle. <\/p>\n\n\n\n<p>Retrouvez mes travaux sur ce ph\u00e9nom\u00e8ne et ses ramifications.<\/p>\n\n\n\n<div class=\"wp-block-buttons is-layout-flex wp-block-buttons-is-layout-flex\">\n<div class=\"wp-block-button\"><a class=\"wp-block-button__link\" href=\"https:\/\/julien-ancelin.fr\/?page_id=460\">Publication scientifique<\/a><\/div>\n\n\n\n<div class=\"wp-block-button\"><a class=\"wp-block-button__link\" href=\"https:\/\/julien-ancelin.fr\/wp-admin\/post.php?post=517&amp;action=edit\">Colloques et conf\u00e9rences<\/a><\/div>\n<\/div>\n","protected":false},"excerpt":{"rendered":"<p>D\u00e9finie comme une menace \u00e0 la paix et \u00e0 la s\u00e9curit\u00e9 internationale, la prolif\u00e9ration des armes l\u00e9g\u00e8res et de petit calibre consitue un enjeu central de l&rsquo;agenda international&#8230;<\/p>\n","protected":false},"author":1,"featured_media":0,"parent":312,"menu_order":2,"comment_status":"closed","ping_status":"closed","template":"","meta":{"footnotes":""},"class_list":["post-415","page","type-page","status-publish","hentry"],"_links":{"self":[{"href":"https:\/\/julien-ancelin.fr\/index.php?rest_route=\/wp\/v2\/pages\/415","targetHints":{"allow":["GET"]}}],"collection":[{"href":"https:\/\/julien-ancelin.fr\/index.php?rest_route=\/wp\/v2\/pages"}],"about":[{"href":"https:\/\/julien-ancelin.fr\/index.php?rest_route=\/wp\/v2\/types\/page"}],"author":[{"embeddable":true,"href":"https:\/\/julien-ancelin.fr\/index.php?rest_route=\/wp\/v2\/users\/1"}],"replies":[{"embeddable":true,"href":"https:\/\/julien-ancelin.fr\/index.php?rest_route=%2Fwp%2Fv2%2Fcomments&post=415"}],"version-history":[{"count":9,"href":"https:\/\/julien-ancelin.fr\/index.php?rest_route=\/wp\/v2\/pages\/415\/revisions"}],"predecessor-version":[{"id":712,"href":"https:\/\/julien-ancelin.fr\/index.php?rest_route=\/wp\/v2\/pages\/415\/revisions\/712"}],"up":[{"embeddable":true,"href":"https:\/\/julien-ancelin.fr\/index.php?rest_route=\/wp\/v2\/pages\/312"}],"wp:attachment":[{"href":"https:\/\/julien-ancelin.fr\/index.php?rest_route=%2Fwp%2Fv2%2Fmedia&parent=415"}],"curies":[{"name":"wp","href":"https:\/\/api.w.org\/{rel}","templated":true}]}}