{"id":419,"date":"2020-11-17T14:53:21","date_gmt":"2020-11-17T13:53:21","guid":{"rendered":"https:\/\/julien-ancelin.fr\/?page_id=419"},"modified":"2020-12-09T15:33:41","modified_gmt":"2020-12-09T14:33:41","slug":"systemes-darmes-letaux-autonomes-sala","status":"publish","type":"page","link":"https:\/\/julien-ancelin.fr\/?page_id=419","title":{"rendered":"Innovations technologiques"},"content":{"rendered":"\n<div class=\"wp-block-image\"><figure class=\"alignright size-large is-resized\"><img loading=\"lazy\" decoding=\"async\" src=\"https:\/\/julien-ancelin.fr\/wp-content\/uploads\/2020\/11\/SALA-1024x935.jpg\" alt=\"\" class=\"wp-image-628\" width=\"201\" height=\"183\" srcset=\"https:\/\/julien-ancelin.fr\/wp-content\/uploads\/2020\/11\/SALA-1024x935.jpg 1024w, https:\/\/julien-ancelin.fr\/wp-content\/uploads\/2020\/11\/SALA-300x274.jpg 300w, https:\/\/julien-ancelin.fr\/wp-content\/uploads\/2020\/11\/SALA-768x702.jpg 768w, https:\/\/julien-ancelin.fr\/wp-content\/uploads\/2020\/11\/SALA-973x889.jpg 973w, https:\/\/julien-ancelin.fr\/wp-content\/uploads\/2020\/11\/SALA-508x464.jpg 508w, https:\/\/julien-ancelin.fr\/wp-content\/uploads\/2020\/11\/SALA.jpg 1178w\" sizes=\"auto, (max-width: 201px) 100vw, 201px\" \/><\/figure><\/div>\n\n\n\n<p>Les nouveaux moyens de combats embarquent une part d&rsquo;autonomie plus ou moins grande. La mise au point et le d\u00e9ploiement de ces dispositifs constituent des d\u00e9fis d&rsquo;ampleur pour un droit international qui n&rsquo;a pas \u00e9t\u00e9 construit pour r\u00e9gir le comportement de dispositifs robotis\u00e9s. <\/p>\n\n\n\n<div class=\"wp-block-buttons is-layout-flex wp-block-buttons-is-layout-flex\">\n<div class=\"wp-block-button\"><a class=\"wp-block-button__link has-white-color has-black-background-color has-text-color has-background\" href=\"https:\/\/julien-ancelin.fr\/?page_id=528\">Publications scientifiques <\/a><\/div>\n\n\n\n<div class=\"wp-block-button\"><a class=\"wp-block-button__link has-white-color has-black-background-color has-text-color has-background\" href=\"https:\/\/julien-ancelin.fr\/?page_id=531\">Conf\u00e9rences et expertises<\/a><\/div>\n<\/div>\n","protected":false},"excerpt":{"rendered":"<p>Les nouveaux moyens de combats embarquent une part d&rsquo;autonomie plus ou moins grande. La mise au point et le d\u00e9ploiement de ces dispositifs constituent des d\u00e9fis d&rsquo;ampleur pour&#8230;<\/p>\n","protected":false},"author":1,"featured_media":0,"parent":312,"menu_order":3,"comment_status":"closed","ping_status":"closed","template":"","meta":{"footnotes":""},"class_list":["post-419","page","type-page","status-publish","hentry"],"_links":{"self":[{"href":"https:\/\/julien-ancelin.fr\/index.php?rest_route=\/wp\/v2\/pages\/419","targetHints":{"allow":["GET"]}}],"collection":[{"href":"https:\/\/julien-ancelin.fr\/index.php?rest_route=\/wp\/v2\/pages"}],"about":[{"href":"https:\/\/julien-ancelin.fr\/index.php?rest_route=\/wp\/v2\/types\/page"}],"author":[{"embeddable":true,"href":"https:\/\/julien-ancelin.fr\/index.php?rest_route=\/wp\/v2\/users\/1"}],"replies":[{"embeddable":true,"href":"https:\/\/julien-ancelin.fr\/index.php?rest_route=%2Fwp%2Fv2%2Fcomments&post=419"}],"version-history":[{"count":10,"href":"https:\/\/julien-ancelin.fr\/index.php?rest_route=\/wp\/v2\/pages\/419\/revisions"}],"predecessor-version":[{"id":713,"href":"https:\/\/julien-ancelin.fr\/index.php?rest_route=\/wp\/v2\/pages\/419\/revisions\/713"}],"up":[{"embeddable":true,"href":"https:\/\/julien-ancelin.fr\/index.php?rest_route=\/wp\/v2\/pages\/312"}],"wp:attachment":[{"href":"https:\/\/julien-ancelin.fr\/index.php?rest_route=%2Fwp%2Fv2%2Fmedia&parent=419"}],"curies":[{"name":"wp","href":"https:\/\/api.w.org\/{rel}","templated":true}]}}