{"id":425,"date":"2020-11-17T14:55:18","date_gmt":"2020-11-17T13:55:18","guid":{"rendered":"https:\/\/julien-ancelin.fr\/?page_id=425"},"modified":"2020-12-09T15:35:07","modified_gmt":"2020-12-09T14:35:07","slug":"armes-chimiques","status":"publish","type":"page","link":"https:\/\/julien-ancelin.fr\/?page_id=425","title":{"rendered":"Armes chimiques"},"content":{"rendered":"\n<div class=\"wp-block-image\"><figure class=\"alignright size-large is-resized\"><img loading=\"lazy\" decoding=\"async\" src=\"https:\/\/julien-ancelin.fr\/wp-content\/uploads\/2020\/11\/Chemical-1-edited.jpg\" alt=\"\" class=\"wp-image-637\" width=\"171\" height=\"171\" srcset=\"https:\/\/julien-ancelin.fr\/wp-content\/uploads\/2020\/11\/Chemical-1-edited.jpg 989w, https:\/\/julien-ancelin.fr\/wp-content\/uploads\/2020\/11\/Chemical-1-edited-300x300.jpg 300w, https:\/\/julien-ancelin.fr\/wp-content\/uploads\/2020\/11\/Chemical-1-edited-150x150.jpg 150w, https:\/\/julien-ancelin.fr\/wp-content\/uploads\/2020\/11\/Chemical-1-edited-768x769.jpg 768w, https:\/\/julien-ancelin.fr\/wp-content\/uploads\/2020\/11\/Chemical-1-edited-88x88.jpg 88w, https:\/\/julien-ancelin.fr\/wp-content\/uploads\/2020\/11\/Chemical-1-edited-973x974.jpg 973w, https:\/\/julien-ancelin.fr\/wp-content\/uploads\/2020\/11\/Chemical-1-edited-508x509.jpg 508w\" sizes=\"auto, (max-width: 171px) 100vw, 171px\" \/><\/figure><\/div>\n\n\n\n<p>L\u2019utilisation contemporaine d\u2019armes chimiques dans le contexte du conflit syrien interroge l\u2019effectivit\u00e9 des dispositifs internationaux prohibant le recours \u00e0 ce type d\u2019armes. L\u2019usage de telles armes au XXI\u00e8 si\u00e8cle et les difficult\u00e9s rencontr\u00e9es pour le faire cesser questionne l\u2019adaptabilit\u00e9 des dispositifs juridiques applicables.<\/p>\n\n\n\n<div class=\"wp-block-buttons is-layout-flex wp-block-buttons-is-layout-flex\">\n<div class=\"wp-block-button\"><a class=\"wp-block-button__link\" href=\"https:\/\/julien-ancelin.fr\/?page_id=547\">Publications scientifiques<\/a><\/div>\n\n\n\n<div class=\"wp-block-button\"><a class=\"wp-block-button__link\" href=\"https:\/\/julien-ancelin.fr\/wp-admin\/post.php?post=547&amp;action=edit\">Colloque<\/a><\/div>\n<\/div>\n","protected":false},"excerpt":{"rendered":"<p>L\u2019utilisation contemporaine d\u2019armes chimiques dans le contexte du conflit syrien interroge l\u2019effectivit\u00e9 des dispositifs internationaux prohibant le recours \u00e0 ce type d\u2019armes. L\u2019usage de telles armes au XXI\u00e8&#8230;<\/p>\n","protected":false},"author":1,"featured_media":0,"parent":312,"menu_order":0,"comment_status":"closed","ping_status":"closed","template":"","meta":{"footnotes":""},"class_list":["post-425","page","type-page","status-publish","hentry"],"_links":{"self":[{"href":"https:\/\/julien-ancelin.fr\/index.php?rest_route=\/wp\/v2\/pages\/425","targetHints":{"allow":["GET"]}}],"collection":[{"href":"https:\/\/julien-ancelin.fr\/index.php?rest_route=\/wp\/v2\/pages"}],"about":[{"href":"https:\/\/julien-ancelin.fr\/index.php?rest_route=\/wp\/v2\/types\/page"}],"author":[{"embeddable":true,"href":"https:\/\/julien-ancelin.fr\/index.php?rest_route=\/wp\/v2\/users\/1"}],"replies":[{"embeddable":true,"href":"https:\/\/julien-ancelin.fr\/index.php?rest_route=%2Fwp%2Fv2%2Fcomments&post=425"}],"version-history":[{"count":7,"href":"https:\/\/julien-ancelin.fr\/index.php?rest_route=\/wp\/v2\/pages\/425\/revisions"}],"predecessor-version":[{"id":714,"href":"https:\/\/julien-ancelin.fr\/index.php?rest_route=\/wp\/v2\/pages\/425\/revisions\/714"}],"up":[{"embeddable":true,"href":"https:\/\/julien-ancelin.fr\/index.php?rest_route=\/wp\/v2\/pages\/312"}],"wp:attachment":[{"href":"https:\/\/julien-ancelin.fr\/index.php?rest_route=%2Fwp%2Fv2%2Fmedia&parent=425"}],"curies":[{"name":"wp","href":"https:\/\/api.w.org\/{rel}","templated":true}]}}