{"id":431,"date":"2020-11-17T15:17:07","date_gmt":"2020-11-17T14:17:07","guid":{"rendered":"https:\/\/julien-ancelin.fr\/?page_id=431"},"modified":"2024-03-10T01:14:03","modified_gmt":"2024-03-10T00:14:03","slug":"publications-scientifiques","status":"publish","type":"page","link":"https:\/\/julien-ancelin.fr\/?page_id=431","title":{"rendered":"Colloques et s\u00e9minaires de recherche"},"content":{"rendered":"\n<p class=\"has-text-align-center\"><strong>Organisation du colloque \u00ab\u00a0Les instrumentalisations sectorielles du droit international\u00a0\u00bb, oct. 2023<\/strong><\/p>\n\n\n<div class=\"wp-block-image\">\n<figure class=\"alignleft size-full is-resized\"><img loading=\"lazy\" decoding=\"async\" width=\"1754\" height=\"2481\" src=\"https:\/\/julien-ancelin.fr\/wp-content\/uploads\/2024\/03\/Affiche-Lawfare-Ancelin-5-OCT-2023.jpg\" alt=\"\" class=\"wp-image-794\" style=\"width:245px;height:auto\" srcset=\"https:\/\/julien-ancelin.fr\/wp-content\/uploads\/2024\/03\/Affiche-Lawfare-Ancelin-5-OCT-2023.jpg 1754w, https:\/\/julien-ancelin.fr\/wp-content\/uploads\/2024\/03\/Affiche-Lawfare-Ancelin-5-OCT-2023-212x300.jpg 212w, https:\/\/julien-ancelin.fr\/wp-content\/uploads\/2024\/03\/Affiche-Lawfare-Ancelin-5-OCT-2023-724x1024.jpg 724w, https:\/\/julien-ancelin.fr\/wp-content\/uploads\/2024\/03\/Affiche-Lawfare-Ancelin-5-OCT-2023-768x1086.jpg 768w, https:\/\/julien-ancelin.fr\/wp-content\/uploads\/2024\/03\/Affiche-Lawfare-Ancelin-5-OCT-2023-1086x1536.jpg 1086w, https:\/\/julien-ancelin.fr\/wp-content\/uploads\/2024\/03\/Affiche-Lawfare-Ancelin-5-OCT-2023-1448x2048.jpg 1448w, https:\/\/julien-ancelin.fr\/wp-content\/uploads\/2024\/03\/Affiche-Lawfare-Ancelin-5-OCT-2023-973x1376.jpg 973w, https:\/\/julien-ancelin.fr\/wp-content\/uploads\/2024\/03\/Affiche-Lawfare-Ancelin-5-OCT-2023-508x719.jpg 508w\" sizes=\"auto, (max-width: 1754px) 100vw, 1754px\" \/><\/figure>\n<\/div>\n\n\n<p>L\u2019objectif de ce colloque (organis\u00e9 gr\u00e2ce au soutien du LADIE et l&rsquo;IdPD de l&rsquo;Universit\u00e9 C\u00f4te d&rsquo;Azur) \u00e9tait de questionner les discours de politique \u00e9trang\u00e8re qui mobilisent le droit international dans des secteurs sp\u00e9cifiques (tant dans le champ des conflits arm\u00e9s que dans celui des conflits internationaux n\u2019ayant pas atteint le seuil du conflit arm\u00e9) et les conditions dans lesquelles le droit y est mobilis\u00e9 en support d\u2019objectifs politiques.<\/p>\n\n\n\n<p>Les instrumentalisations sont multiples, et l&rsquo;\u00e9tude montre que les conflits arm\u00e9s ne sont pas les seuils situations dans lesquels les Etats portent des discours d&rsquo;instrumentalisation du droit international <\/p>\n\n\n\n<p>Retrouvez le <strong><a href=\"https:\/\/julien-ancelin.fr\/wp-content\/uploads\/2024\/03\/Programme-Lawfare-Nice-5-oct.-2023.pdf\" data-type=\"URL\" data-id=\"https:\/\/julien-ancelin.fr\/wp-admin\/upload.php?item=155\">programme de cette manifestation<\/a> <\/strong><\/p>\n\n\n\n<p class=\"has-text-align-center\"><strong>Organisation du s\u00e9minaire de recherche \u00ab\u00a0Le <em>Lawfare<\/em>\u00ab\u00a0, mars 2022<\/strong><\/p>\n\n\n<div class=\"wp-block-image\">\n<figure class=\"alignleft size-full is-resized\"><img loading=\"lazy\" decoding=\"async\" width=\"1754\" height=\"2481\" src=\"https:\/\/julien-ancelin.fr\/wp-content\/uploads\/2024\/03\/Affiche_LADIE_seminaire-LAWFARE-mars-2022-v4ok.jpg\" alt=\"\" class=\"wp-image-792\" style=\"width:233px;height:auto\" srcset=\"https:\/\/julien-ancelin.fr\/wp-content\/uploads\/2024\/03\/Affiche_LADIE_seminaire-LAWFARE-mars-2022-v4ok.jpg 1754w, https:\/\/julien-ancelin.fr\/wp-content\/uploads\/2024\/03\/Affiche_LADIE_seminaire-LAWFARE-mars-2022-v4ok-212x300.jpg 212w, https:\/\/julien-ancelin.fr\/wp-content\/uploads\/2024\/03\/Affiche_LADIE_seminaire-LAWFARE-mars-2022-v4ok-724x1024.jpg 724w, https:\/\/julien-ancelin.fr\/wp-content\/uploads\/2024\/03\/Affiche_LADIE_seminaire-LAWFARE-mars-2022-v4ok-768x1086.jpg 768w, https:\/\/julien-ancelin.fr\/wp-content\/uploads\/2024\/03\/Affiche_LADIE_seminaire-LAWFARE-mars-2022-v4ok-1086x1536.jpg 1086w, https:\/\/julien-ancelin.fr\/wp-content\/uploads\/2024\/03\/Affiche_LADIE_seminaire-LAWFARE-mars-2022-v4ok-1448x2048.jpg 1448w, https:\/\/julien-ancelin.fr\/wp-content\/uploads\/2024\/03\/Affiche_LADIE_seminaire-LAWFARE-mars-2022-v4ok-973x1376.jpg 973w, https:\/\/julien-ancelin.fr\/wp-content\/uploads\/2024\/03\/Affiche_LADIE_seminaire-LAWFARE-mars-2022-v4ok-508x719.jpg 508w\" sizes=\"auto, (max-width: 1754px) 100vw, 1754px\" \/><\/figure>\n<\/div>\n\n\n<p>L\u2019objectif de ce s\u00e9minaire \u00e9tait de r\u00e9unir, \u00e0 la facult\u00e9 de droit de Nice (gr\u00e2ce au soutien du LADIE et de l&rsquo;IdPD), des sp\u00e9cialistes issus de disciplines et de pratiques diverses (sciences politique, droit public, pratique diplomatique et militaire) autour de la notion de <em>lawfare<\/em>.  <\/p>\n\n\n\n<p>Les d\u00e9bats ont permis de relever une tendance, dans les relations internationales contemporaines, \u00e0 l&rsquo;instrumentalisation du droit international. <\/p>\n\n\n\n<hr class=\"wp-block-separator has-text-color has-black-color has-css-opacity has-black-background-color has-background is-style-dots\"\/>\n\n\n\n<p class=\"has-text-align-center\"><strong>Direction du Programme de recherche interdisciplinaire, \u00ab\u00a0Lawfare et conflictualit\u00e9s\u00a0\u00bb, ann\u00e9es 2019 et 2020<\/strong><\/p>\n\n\n\n<ul class=\"wp-block-list\">\n<li>1er S\u00e9minaire de recherche organis\u00e9 \u00e0 l&rsquo;Universit\u00e9 de Bordeaux le 25 octobre 2019<\/li>\n<\/ul>\n\n\n<div class=\"wp-block-image\">\n<figure class=\"alignleft\"><img loading=\"lazy\" decoding=\"async\" width=\"231\" height=\"300\" src=\"http:\/\/julien-ancelin.fr\/wp-content\/uploads\/2020\/01\/Capture-d\u2019\u00e9cran-2020-01-02-\u00e0-22.17.00-231x300.png\" alt=\"\" class=\"wp-image-148\" srcset=\"https:\/\/julien-ancelin.fr\/wp-content\/uploads\/2020\/01\/Capture-d\u2019\u00e9cran-2020-01-02-\u00e0-22.17.00-231x300.png 231w, https:\/\/julien-ancelin.fr\/wp-content\/uploads\/2020\/01\/Capture-d\u2019\u00e9cran-2020-01-02-\u00e0-22.17.00-789x1024.png 789w, https:\/\/julien-ancelin.fr\/wp-content\/uploads\/2020\/01\/Capture-d\u2019\u00e9cran-2020-01-02-\u00e0-22.17.00-768x997.png 768w, https:\/\/julien-ancelin.fr\/wp-content\/uploads\/2020\/01\/Capture-d\u2019\u00e9cran-2020-01-02-\u00e0-22.17.00.png 1038w\" sizes=\"auto, (max-width: 231px) 100vw, 231px\" \/><\/figure>\n<\/div>\n\n\n<p>Le droit des conflits arm\u00e9s a \u00e9t\u00e9 con\u00e7u comme un outil destin\u00e9 \u00e0 \u00ab&nbsp;humaniser la guerre&nbsp;\u00bb par l\u2019\u00e9vitement du conflit et la protection de ses victimes et de ses protagonistes.&nbsp;Toutefois, si son objet \u00e9tait \u00e0 l\u2019origine clairement \u00e9tabli il semble aujourd\u2019hui \u00eatre confront\u00e9e \u00e0 une utilisation grandissante en tant qu&rsquo;outil d&rsquo;oppositions strat\u00e9giques entre les bellig\u00e9rants.&nbsp;En devenant, dans le discours, un outil au c\u0153ur du rapport de bellig\u00e9rance, l\u2019argument juridique peut apparaitre d\u00e9plac\u00e9, d\u00e9centr\u00e9, et mobilis\u00e9 \u00e0 des fins qui n\u2019avaient pas \u00e9t\u00e9 pr\u00e9vues lors de son adoption. <\/p>\n\n\n\n<p>Retrouvez le <strong><a href=\"https:\/\/julien-ancelin.fr\/wp-admin\/upload.php?item=155\" data-type=\"URL\" data-id=\"https:\/\/julien-ancelin.fr\/wp-admin\/upload.php?item=155\">programme de cette manifestation<\/a> <\/strong><\/p>\n\n\n\n<hr class=\"wp-block-separator has-text-color has-black-color has-css-opacity has-black-background-color has-background is-style-dots\"\/>\n\n\n\n<ul class=\"wp-block-list\">\n<li>2nd s\u00e9minaire de recherche organis\u00e9 [en ligne] et co-port\u00e9 par l&rsquo;Universit\u00e9 de Bordeaux, l&rsquo;Institut de Recherche Strat\u00e9gique de l&rsquo;Ecole Militaire, le Centre de Recherches internationales de SciencePo de Paris, le Centre de Recherche Fran\u00e7ais \u00e0 J\u00e9rusalem et l&rsquo;Universit\u00e9 de Bordeaux<\/li>\n<\/ul>\n\n\n<div class=\"wp-block-image\">\n<figure class=\"alignleft size-large is-resized\"><img loading=\"lazy\" decoding=\"async\" width=\"634\" height=\"800\" src=\"https:\/\/julien-ancelin.fr\/wp-content\/uploads\/2020\/11\/Lawfare.jpg\" alt=\"\" class=\"wp-image-581\" style=\"width:262px;height:330px\" srcset=\"https:\/\/julien-ancelin.fr\/wp-content\/uploads\/2020\/11\/Lawfare.jpg 634w, https:\/\/julien-ancelin.fr\/wp-content\/uploads\/2020\/11\/Lawfare-238x300.jpg 238w, https:\/\/julien-ancelin.fr\/wp-content\/uploads\/2020\/11\/Lawfare-508x641.jpg 508w\" sizes=\"auto, (max-width: 634px) 100vw, 634px\" \/><\/figure>\n<\/div>\n\n\n<p>Dans la continuit\u00e9 de la premi\u00e8re manifestation organis\u00e9e en 2019, ce second s\u00e9minaire a eu pour objectif d&rsquo;enrichir, par la discussion collective de diff\u00e9rents champs disciplinaires, la future publication consacr\u00e9e lawfare dont l&rsquo;analyse th\u00e9orique et appliqu\u00e9e n\u00e9cessite d&rsquo;\u00eatre approfondie (projet de num\u00e9ro sp\u00e9cial de la Revue Raisons Politiques).<\/p>\n\n\n\n<p>Ces \u00e9changes nous ont permis de proposition une approche de sciences humaines de la notion de lawfare et de mettre en lumi\u00e8re l&rsquo;utilit\u00e9 et les dangers de ses usages potentiels dans les relations internationales contemporaines. <\/p>\n\n\n\n<p>Retrouvez le <strong><a href=\"https:\/\/julien-ancelin.fr\/wp-admin\/upload.php?item=436\" data-type=\"URL\" data-id=\"https:\/\/julien-ancelin.fr\/wp-admin\/upload.php?item=436\">programme de cette manifestation<\/a>  <\/strong><\/p>\n","protected":false},"excerpt":{"rendered":"<p>Organisation du colloque \u00ab\u00a0Les instrumentalisations sectorielles du droit international\u00a0\u00bb, oct. 2023 L\u2019objectif de ce colloque (organis\u00e9 gr\u00e2ce au soutien du LADIE et l&rsquo;IdPD de l&rsquo;Universit\u00e9 C\u00f4te d&rsquo;Azur) \u00e9tait&#8230;<\/p>\n","protected":false},"author":1,"featured_media":0,"parent":303,"menu_order":2,"comment_status":"closed","ping_status":"closed","template":"","meta":{"footnotes":""},"class_list":["post-431","page","type-page","status-publish","hentry"],"_links":{"self":[{"href":"https:\/\/julien-ancelin.fr\/index.php?rest_route=\/wp\/v2\/pages\/431","targetHints":{"allow":["GET"]}}],"collection":[{"href":"https:\/\/julien-ancelin.fr\/index.php?rest_route=\/wp\/v2\/pages"}],"about":[{"href":"https:\/\/julien-ancelin.fr\/index.php?rest_route=\/wp\/v2\/types\/page"}],"author":[{"embeddable":true,"href":"https:\/\/julien-ancelin.fr\/index.php?rest_route=\/wp\/v2\/users\/1"}],"replies":[{"embeddable":true,"href":"https:\/\/julien-ancelin.fr\/index.php?rest_route=%2Fwp%2Fv2%2Fcomments&post=431"}],"version-history":[{"count":12,"href":"https:\/\/julien-ancelin.fr\/index.php?rest_route=\/wp\/v2\/pages\/431\/revisions"}],"predecessor-version":[{"id":798,"href":"https:\/\/julien-ancelin.fr\/index.php?rest_route=\/wp\/v2\/pages\/431\/revisions\/798"}],"up":[{"embeddable":true,"href":"https:\/\/julien-ancelin.fr\/index.php?rest_route=\/wp\/v2\/pages\/303"}],"wp:attachment":[{"href":"https:\/\/julien-ancelin.fr\/index.php?rest_route=%2Fwp%2Fv2%2Fmedia&parent=431"}],"curies":[{"name":"wp","href":"https:\/\/api.w.org\/{rel}","templated":true}]}}