{"id":450,"date":"2020-11-17T16:24:34","date_gmt":"2020-11-17T15:24:34","guid":{"rendered":"https:\/\/julien-ancelin.fr\/?page_id=450"},"modified":"2022-05-23T15:47:23","modified_gmt":"2022-05-23T13:47:23","slug":"publications-et-colloques","status":"publish","type":"page","link":"https:\/\/julien-ancelin.fr\/?page_id=450","title":{"rendered":"Publication scientifique"},"content":{"rendered":"\n<p><\/p>\n\n\n\n<p><\/p>\n\n\n\n<p class=\"has-text-align-center\"><strong>\u00ab\u00a0Le devenir de l&rsquo;arme control<\/strong>\u00ab\u00a0<\/p>\n\n\n\n<h5 class=\"has-text-align-center wp-block-heading\"><strong>Programme de recherche annuel interdisciplinaire (droit-science politique) de l&rsquo;Universit\u00e9 de Bordeaux &#8211; 2021<\/strong><\/h5>\n\n\n\n<p class=\"has-text-align-center\">[Communications et publication vid\u00e9o]&nbsp;<\/p>\n\n\n\n<figure class=\"wp-block-image size-large\"><img loading=\"lazy\" decoding=\"async\" width=\"1024\" height=\"166\" src=\"https:\/\/julien-ancelin.fr\/wp-content\/uploads\/2022\/05\/Capture-decran-2022-05-23-a-15.35.04-1024x166.png\" alt=\"\" class=\"wp-image-754\" srcset=\"https:\/\/julien-ancelin.fr\/wp-content\/uploads\/2022\/05\/Capture-decran-2022-05-23-a-15.35.04-1024x166.png 1024w, https:\/\/julien-ancelin.fr\/wp-content\/uploads\/2022\/05\/Capture-decran-2022-05-23-a-15.35.04-300x49.png 300w, https:\/\/julien-ancelin.fr\/wp-content\/uploads\/2022\/05\/Capture-decran-2022-05-23-a-15.35.04-768x124.png 768w, https:\/\/julien-ancelin.fr\/wp-content\/uploads\/2022\/05\/Capture-decran-2022-05-23-a-15.35.04-1536x248.png 1536w, https:\/\/julien-ancelin.fr\/wp-content\/uploads\/2022\/05\/Capture-decran-2022-05-23-a-15.35.04-2048x331.png 2048w, https:\/\/julien-ancelin.fr\/wp-content\/uploads\/2022\/05\/Capture-decran-2022-05-23-a-15.35.04-973x157.png 973w, https:\/\/julien-ancelin.fr\/wp-content\/uploads\/2022\/05\/Capture-decran-2022-05-23-a-15.35.04-508x82.png 508w\" sizes=\"auto, (max-width: 1024px) 100vw, 1024px\" \/><\/figure>\n\n\n\n<p>Ces travaux ont \u00e9t\u00e9 l&rsquo;occasion de revenir sur les tendances contemporaines de l&rsquo;arms Control, outil des relations internationales de retour au c\u0153ur de l&rsquo;actualit\u00e9, dans un contexte de tensions croissantes entre grandes puissances militaires et de d\u00e9ploiement de nouveaux syst\u00e8mes d&rsquo;armes (missiles hypersoniques, armes spatiales, etc.). <\/p>\n\n\n\n<p>La vid\u00e9o issue du projet est l&rsquo;occasion de revenir sur la d\u00e9finition de l&rsquo;arms control, son histoire, les raisons qui poussent les \u00c9tats \u00e0 consentir \u00e0 limiter la taille ou la nature de leur arsenal militaire et les d\u00e9fis auxquels il est aujourd&rsquo;hui confront\u00e9. <\/p>\n\n\n\n<figure class=\"wp-block-embed is-type-video is-provider-youtube wp-block-embed-youtube wp-embed-aspect-16-9 wp-has-aspect-ratio\"><div class=\"wp-block-embed__wrapper\">\n<iframe loading=\"lazy\" title=\"Qu&#039;est ce que l&#039;arms control ?\" width=\"620\" height=\"349\" src=\"https:\/\/www.youtube.com\/embed\/E-zF-0qDvoU?feature=oembed\" frameborder=\"0\" allow=\"accelerometer; autoplay; clipboard-write; encrypted-media; gyroscope; picture-in-picture; web-share\" referrerpolicy=\"strict-origin-when-cross-origin\" allowfullscreen><\/iframe>\n<\/div><\/figure>\n\n\n\n<p><\/p>\n\n\n\n<p><\/p>\n\n\n\n<p class=\"has-text-align-center\"><strong>\u00ab\u00a0La crise de la s\u00e9curit\u00e9 collective<\/strong>\u00ab\u00a0<\/p>\n\n\n\n<h5 class=\"has-text-align-center wp-block-heading\"><strong>Colloque de l&rsquo;Institut d\u2019\u00e9tudes de droit public (IEDP) de l&rsquo;Universit\u00e9 Paris Sud, \u00ab\u00a0Crise(s) et droit\u00a0\u00bb, 2016<\/strong> et publication des Actes<\/h5>\n\n\n\n<p class=\"has-text-align-center\">[Communication et article]&nbsp;<\/p>\n\n\n\n<div class=\"wp-block-image\"><figure class=\"aligncenter size-large is-resized\"><img loading=\"lazy\" decoding=\"async\" src=\"https:\/\/julien-ancelin.fr\/wp-content\/uploads\/2022\/05\/Capture-decran-2022-05-23-a-15.44.12-795x1024.png\" alt=\"\" class=\"wp-image-759\" width=\"287\" height=\"368\" srcset=\"https:\/\/julien-ancelin.fr\/wp-content\/uploads\/2022\/05\/Capture-decran-2022-05-23-a-15.44.12-233x300.png 233w, https:\/\/julien-ancelin.fr\/wp-content\/uploads\/2022\/05\/Capture-decran-2022-05-23-a-15.44.12-508x654.png 508w\" sizes=\"auto, (max-width: 287px) 100vw, 287px\" \/><\/figure><\/div>\n\n\n\n<p>Cette communication et l&rsquo;article qui s&rsquo;en suit, intitul\u00e9e \u00ab\u00a0Crise et red\u00e9finition du droit de la s\u00e9curit\u00e9 collective\u00a0\u00bb analyse comment cette branche du droit international \u00a0semble travers\u00e9e par des mouvements de crise durables et capables d\u2019atteindre fortement l\u2019\u00e9quilibre de la Charte des Nations Unies.\u00a0Si les opportunit\u00e9s existent pour d\u00e9passer les contigences, les relations internationales contemporaines ne nous permettent toutefois pas de c\u00e9der \u00e0 une certaine forme d\u2019optimisme. Les diff\u00e9rents mouvements nationaux d\u2019isolement et de repli, conjugu\u00e9s aux sentiments que peuvent provoquer les ambitions d\u00e9\u00e7ues de la Charte, risquent d\u2019engager la s\u00e9curit\u00e9 collective dans une p\u00e9riode d\u2019incertitudes p\u00e9rilleuse.<\/p>\n\n\n\n<p>Retrouvez le<strong> <a href=\"https:\/\/www.actu-juridique.fr\/divers\/droit-et-crises-journee-detude-des-jeunes-chercheurs\/\" target=\"_blank\" rel=\"noopener\">programme du colloque<\/a><\/strong> et l&rsquo;article publi\u00e9 dans le cadre de l&rsquo;<a href=\"https:\/\/www.mareetmartin.com\/livre\/droit-et-crise-s\" target=\"_blank\" rel=\"noopener\"><strong>ouvrage collectif \u00ab\u00a0Crise(s) et droit(s)\u00a0\u00bb<\/strong><\/a> publi\u00e9 sous la dir. de J. de La Porte des Vaux,\u00a0Y. Gonthier Le Guen,\u00a0V. Jeanne, et C. Pr\u00e9lot. <\/p>\n\n\n\n<hr class=\"wp-block-separator is-style-dots\"\/>\n\n\n\n<p><\/p>\n","protected":false},"excerpt":{"rendered":"<p>\u00ab\u00a0Le devenir de l&rsquo;arme control\u00ab\u00a0 Programme de recherche annuel interdisciplinaire (droit-science politique) de l&rsquo;Universit\u00e9 de Bordeaux &#8211; 2021 [Communications et publication vid\u00e9o]&nbsp; Ces travaux ont \u00e9t\u00e9 l&rsquo;occasion de&#8230;<\/p>\n","protected":false},"author":1,"featured_media":0,"parent":312,"menu_order":0,"comment_status":"closed","ping_status":"closed","template":"","meta":{"footnotes":""},"class_list":["post-450","page","type-page","status-publish","hentry"],"_links":{"self":[{"href":"https:\/\/julien-ancelin.fr\/index.php?rest_route=\/wp\/v2\/pages\/450","targetHints":{"allow":["GET"]}}],"collection":[{"href":"https:\/\/julien-ancelin.fr\/index.php?rest_route=\/wp\/v2\/pages"}],"about":[{"href":"https:\/\/julien-ancelin.fr\/index.php?rest_route=\/wp\/v2\/types\/page"}],"author":[{"embeddable":true,"href":"https:\/\/julien-ancelin.fr\/index.php?rest_route=\/wp\/v2\/users\/1"}],"replies":[{"embeddable":true,"href":"https:\/\/julien-ancelin.fr\/index.php?rest_route=%2Fwp%2Fv2%2Fcomments&post=450"}],"version-history":[{"count":17,"href":"https:\/\/julien-ancelin.fr\/index.php?rest_route=\/wp\/v2\/pages\/450\/revisions"}],"predecessor-version":[{"id":762,"href":"https:\/\/julien-ancelin.fr\/index.php?rest_route=\/wp\/v2\/pages\/450\/revisions\/762"}],"up":[{"embeddable":true,"href":"https:\/\/julien-ancelin.fr\/index.php?rest_route=\/wp\/v2\/pages\/312"}],"wp:attachment":[{"href":"https:\/\/julien-ancelin.fr\/index.php?rest_route=%2Fwp%2Fv2%2Fmedia&parent=450"}],"curies":[{"name":"wp","href":"https:\/\/api.w.org\/{rel}","templated":true}]}}