{"id":460,"date":"2020-11-17T17:14:26","date_gmt":"2020-11-17T16:14:26","guid":{"rendered":"https:\/\/julien-ancelin.fr\/?page_id=460"},"modified":"2020-12-09T13:06:43","modified_gmt":"2020-12-09T12:06:43","slug":"2-2-1-publications","status":"publish","type":"page","link":"https:\/\/julien-ancelin.fr\/?page_id=460","title":{"rendered":"Publication"},"content":{"rendered":"\n<h2 class=\"has-text-align-center wp-block-heading\"><strong>Ouvrage<\/strong><\/h2>\n\n\n\n<h4 class=\"has-text-align-center wp-block-heading\"><strong>La lutte contre la prolif\u00e9ration des armes l\u00e9g\u00e8res et de petit calibre&nbsp;<\/strong><\/h4>\n\n\n\n<h6 class=\"has-text-align-center wp-block-heading\"><em>2017,&nbsp;<\/em><em>Collection de droit international, num. 84,&nbsp;<\/em><em>\u00e9ditions Bruylant, groupe Larcier, Bruxelles, 790p.<\/em><\/h6>\n\n\n\n<div class=\"wp-block-image\"><figure class=\"alignright\"><img loading=\"lazy\" decoding=\"async\" width=\"188\" height=\"300\" src=\"http:\/\/julien-ancelin.fr\/wp-content\/uploads\/2020\/01\/Capture-d\u2019\u00e9cran-2019-12-31-\u00e0-00.11.25-e1577968252642-188x300.png\" alt=\"\" class=\"wp-image-68\" srcset=\"https:\/\/julien-ancelin.fr\/wp-content\/uploads\/2020\/01\/Capture-d\u2019\u00e9cran-2019-12-31-\u00e0-00.11.25-e1577968252642-188x300.png 188w, https:\/\/julien-ancelin.fr\/wp-content\/uploads\/2020\/01\/Capture-d\u2019\u00e9cran-2019-12-31-\u00e0-00.11.25-e1577968252642-643x1024.png 643w, https:\/\/julien-ancelin.fr\/wp-content\/uploads\/2020\/01\/Capture-d\u2019\u00e9cran-2019-12-31-\u00e0-00.11.25-e1577968252642.png 746w\" sizes=\"auto, (max-width: 188px) 100vw, 188px\" \/><\/figure><\/div>\n\n\n\n<p>Cet ouvrage constitue la publication des travaux de doctorat engag\u00e9s en droit&nbsp;international public.Publi\u00e9e aux \u00e9ditions Bruylant en 2017, l&rsquo;\u00e9tude est centr\u00e9 sur un ph\u00e9nom\u00e8ne de prolif\u00e9ration nouvellement saisi par le droit international. En tant que menace pour la paix et la s\u00e9curit\u00e9 internationales, cette prolif\u00e9ration fait, depuis la fin de la guerre froide, l&rsquo;objet d&rsquo;attentions grandissantes. Tout d&rsquo;abord abord\u00e9e par des organisations internationales r\u00e9gionales, elle constitue d\u00e9sormais le domaine d&rsquo;action privil\u00e9gi\u00e9 de l&rsquo;Organisation des Nations Unies en mati\u00e8re de d\u00e9sarmement. N\u00e9anmoins, la construction d&rsquo;un tel corpus juridique d&rsquo;affirme d\u00e9licat d&rsquo;une lutte contre la prolif\u00e9ration ambitieuse et coh\u00e9rente est difficile et doit faire face \u00e0 des oppositions nombreuses justifi\u00e9es par des int\u00e9r\u00eats \u00e9tatiques profond\u00e9ment divergents.<\/p>\n\n\n\n<p>Vous pouvez retrouver <a href=\"https:\/\/www.larcier.com\/fr\/la-lutte-contre-la-proliferation-des-armes-legeres-et-de-petit-calibre-2017-9782802758631.html\" data-type=\"URL\" data-id=\"https:\/\/www.larcier.com\/fr\/la-lutte-contre-la-proliferation-des-armes-legeres-et-de-petit-calibre-2017-9782802758631.html\" target=\"_blank\" rel=\"noopener\"><strong>cet ouvrage sur le site de l&rsquo;\u00e9diteur <\/strong><\/a><\/p>\n\n\n\n<hr class=\"wp-block-separator has-text-color has-background has-black-background-color has-black-color is-style-dots\"\/>\n\n\n\n<p><\/p>\n","protected":false},"excerpt":{"rendered":"<p>Ouvrage La lutte contre la prolif\u00e9ration des armes l\u00e9g\u00e8res et de petit calibre&nbsp; 2017,&nbsp;Collection de droit international, num. 84,&nbsp;\u00e9ditions Bruylant, groupe Larcier, Bruxelles, 790p. Cet ouvrage constitue la&#8230;<\/p>\n","protected":false},"author":1,"featured_media":0,"parent":312,"menu_order":0,"comment_status":"closed","ping_status":"closed","template":"","meta":{"footnotes":""},"class_list":["post-460","page","type-page","status-publish","hentry"],"_links":{"self":[{"href":"https:\/\/julien-ancelin.fr\/index.php?rest_route=\/wp\/v2\/pages\/460","targetHints":{"allow":["GET"]}}],"collection":[{"href":"https:\/\/julien-ancelin.fr\/index.php?rest_route=\/wp\/v2\/pages"}],"about":[{"href":"https:\/\/julien-ancelin.fr\/index.php?rest_route=\/wp\/v2\/types\/page"}],"author":[{"embeddable":true,"href":"https:\/\/julien-ancelin.fr\/index.php?rest_route=\/wp\/v2\/users\/1"}],"replies":[{"embeddable":true,"href":"https:\/\/julien-ancelin.fr\/index.php?rest_route=%2Fwp%2Fv2%2Fcomments&post=460"}],"version-history":[{"count":4,"href":"https:\/\/julien-ancelin.fr\/index.php?rest_route=\/wp\/v2\/pages\/460\/revisions"}],"predecessor-version":[{"id":695,"href":"https:\/\/julien-ancelin.fr\/index.php?rest_route=\/wp\/v2\/pages\/460\/revisions\/695"}],"up":[{"embeddable":true,"href":"https:\/\/julien-ancelin.fr\/index.php?rest_route=\/wp\/v2\/pages\/312"}],"wp:attachment":[{"href":"https:\/\/julien-ancelin.fr\/index.php?rest_route=%2Fwp%2Fv2%2Fmedia&parent=460"}],"curies":[{"name":"wp","href":"https:\/\/api.w.org\/{rel}","templated":true}]}}