{"id":463,"date":"2020-11-17T18:28:24","date_gmt":"2020-11-17T17:28:24","guid":{"rendered":"https:\/\/julien-ancelin.fr\/?page_id=463"},"modified":"2020-11-19T12:22:37","modified_gmt":"2020-11-19T11:22:37","slug":"colloques-et-conferences-2","status":"publish","type":"page","link":"https:\/\/julien-ancelin.fr\/?page_id=463","title":{"rendered":"Colloques et conf\u00e9rences"},"content":{"rendered":"\n<p class=\"has-text-align-center\"><strong>Co-direction du programme de recherche pluridisciplinaire \u00ab\u00a0Le devenir de l&rsquo;<em>arms control<\/em>\u00ab\u00a0,  D\u00e9partement Droit et transformations sociales de l&rsquo;Universit\u00e9 de Bordeaux, ann\u00e9es 2019 et 2020 <\/strong><\/p>\n\n\n\n<p>L\u2019objet de ce projet de recherche a \u00e9t\u00e9 de proposer une r\u00e9flexion crois\u00e9e (du droit et de la science politique) sur les dynamiques contemporaines de l\u2019<em>arms control<\/em>, en envisageant les d\u00e9fis que rencontre cet objet des relations internationales. <\/p>\n\n\n\n<ul class=\"wp-block-list\"><li><strong>Workshop du 29 novembre 2019, \u00ab\u00a0<em>Arms control<\/em> et armements nucl\u00e9aires\u00a0\u00bb<\/strong><\/li><\/ul>\n\n\n\n<div class=\"wp-block-image\"><figure class=\"alignleft size-large is-resized\"><img loading=\"lazy\" decoding=\"async\" src=\"https:\/\/julien-ancelin.fr\/wp-content\/uploads\/2020\/11\/AC2.png\" alt=\"\" class=\"wp-image-465\" width=\"261\" height=\"369\" srcset=\"https:\/\/julien-ancelin.fr\/wp-content\/uploads\/2020\/11\/AC2.png 640w, https:\/\/julien-ancelin.fr\/wp-content\/uploads\/2020\/11\/AC2-508x721.png 508w\" sizes=\"auto, (max-width: 261px) 100vw, 261px\" \/><\/figure><\/div>\n\n\n\n<p>Cette premi\u00e8re manifestation a permis d&rsquo;interroger les conditions dans lesquelles l&rsquo;arme nucl\u00e9aire demeure l&rsquo;objet principal de l&rsquo;<em>arms control<\/em> contemporrain. <\/p>\n\n\n\n<p>Face aux crises multiples, la strat\u00e9gie de la dissuasion connait des configurations juridiques nouvelles. Les difficult\u00e9s rencontr\u00e9es par le trait\u00e9 de non prolif\u00e9ration, la d\u00e9nonciation am\u00e9ricano-russe de l&rsquo;accord sur les forces nucl\u00e9aires interm\u00e9diaires et l&rsquo;\u00e9ch\u00e9ance du trait\u00e9 new start impose une analyse combin\u00e9e des enjeux. Cette rencontre a \u00e9t\u00e9 organis\u00e9e en partenariat des chercheurs de la <a href=\"https:\/\/www.frstrategie.org\" target=\"_blank\" rel=\"noopener\"><strong>FRS<\/strong><\/a>, de l&rsquo;<strong><a href=\"https:\/\/www.irsem.fr\" target=\"_blank\" rel=\"noopener\">IRSEM<\/a><\/strong> et du <a href=\"https:\/\/www.sipri.org\" target=\"_blank\" rel=\"noopener\"><strong>SIPRI<\/strong><\/a>. Retrouvez le <a href=\"https:\/\/julien-ancelin.fr\/wp-admin\/upload.php?item=466\" data-type=\"URL\" data-id=\"https:\/\/julien-ancelin.fr\/wp-admin\/upload.php?item=466\"><strong>programme de ce workshop<\/strong><\/a>. <\/p>\n\n\n\n<ul class=\"wp-block-list\"><li><strong>Worshop du 12 f\u00e9vrier 2020, \u00ab\u00a0Arms control et innovations technologiques\u00a0\u00bb<\/strong><\/li><\/ul>\n\n\n\n<div class=\"wp-block-image\"><figure class=\"alignleft size-large is-resized\"><img loading=\"lazy\" decoding=\"async\" src=\"https:\/\/julien-ancelin.fr\/wp-content\/uploads\/2020\/11\/Capture-decran-2020-02-10-a-21.32.58-722x1024.png\" alt=\"\" class=\"wp-image-495\" width=\"262\" height=\"371\" srcset=\"https:\/\/julien-ancelin.fr\/wp-content\/uploads\/2020\/11\/Capture-decran-2020-02-10-a-21.32.58-722x1024.png 722w, https:\/\/julien-ancelin.fr\/wp-content\/uploads\/2020\/11\/Capture-decran-2020-02-10-a-21.32.58-212x300.png 212w, https:\/\/julien-ancelin.fr\/wp-content\/uploads\/2020\/11\/Capture-decran-2020-02-10-a-21.32.58-768x1089.png 768w, https:\/\/julien-ancelin.fr\/wp-content\/uploads\/2020\/11\/Capture-decran-2020-02-10-a-21.32.58-1084x1536.png 1084w, https:\/\/julien-ancelin.fr\/wp-content\/uploads\/2020\/11\/Capture-decran-2020-02-10-a-21.32.58-973x1379.png 973w, https:\/\/julien-ancelin.fr\/wp-content\/uploads\/2020\/11\/Capture-decran-2020-02-10-a-21.32.58-508x720.png 508w, https:\/\/julien-ancelin.fr\/wp-content\/uploads\/2020\/11\/Capture-decran-2020-02-10-a-21.32.58.png 1226w\" sizes=\"auto, (max-width: 262px) 100vw, 262px\" \/><\/figure><\/div>\n\n\n\n<p>Cette seconde manifestation a permis d&rsquo;interroger les effets que les nouvelles technologies peuvent avoir sur l&rsquo;<em>arms control<\/em>. <\/p>\n\n\n\n<p>Les rutpures techniques multiples auquel nous assistons (autonomie des moyens de combat, hyperv\u00e9locit\u00e9, intelligence artificielle) ont des effets majeur sur les outils classiques de l&rsquo;arms control et impose de questionner l&rsquo;obsolesence potentiel des dispositifs existants. Cette rencontre, parrain\u00e9e par la <a href=\"https:\/\/www.sciencespobordeaux.fr\/fr\/l-institut\/notre-ecole\/les-chaires-d-enseignement-et-de-recherche-1\/chaire-defense-aerospatial.html\" target=\"_blank\" rel=\"noopener\">Chaire d\u00e9fense et a\u00e9rospatial de l&rsquo;IEP de Bordeaux<\/a>, a \u00e9t\u00e9 l&rsquo;occasion d&rsquo;associer diff\u00e9rents  partenaires du site universitaire bordelais (<a href=\"https:\/\/ensc.bordeaux-inp.fr\/fr\" target=\"_blank\" rel=\"noopener\">\u00e9cole de cognitive<\/a> ou <a href=\"https:\/\/www.labri.fr\" target=\"_blank\" rel=\"noopener\">Laboratoire d&rsquo;informatique<\/a>) afin de faire dialoguer les disciplines autour d&rsquo;un objet d&rsquo;int\u00e9r\u00eat commun. Retrouvez le <a href=\"https:\/\/julien-ancelin.fr\/wp-admin\/upload.php?item=496\"><strong>programme de ce workshop<\/strong><\/a><\/p>\n\n\n\n<ul class=\"wp-block-list\"><li><strong>Conf\u00e9rences finales des 10 et 24 novembre 2020, \u00ab\u00a0D\u00e9construction et reconstruction de l&rsquo;<em>arms control<\/em>\u00a0\u00bb <\/strong><\/li><\/ul>\n\n\n\n<div class=\"wp-block-image\"><figure class=\"alignleft size-large is-resized\"><img loading=\"lazy\" decoding=\"async\" src=\"https:\/\/julien-ancelin.fr\/wp-content\/uploads\/2020\/11\/ACfinal-2.png\" alt=\"\" class=\"wp-image-501\" width=\"267\" height=\"380\" srcset=\"https:\/\/julien-ancelin.fr\/wp-content\/uploads\/2020\/11\/ACfinal-2.png 638w, https:\/\/julien-ancelin.fr\/wp-content\/uploads\/2020\/11\/ACfinal-2-211x300.png 211w, https:\/\/julien-ancelin.fr\/wp-content\/uploads\/2020\/11\/ACfinal-2-508x723.png 508w\" sizes=\"auto, (max-width: 267px) 100vw, 267px\" \/><\/figure><\/div>\n\n\n\n<p>Le programme de recherche s&rsquo;est cl\u00f4tur\u00e9 par l&rsquo;organisation de deux conf\u00e9rences [en ligne] afin de proposer un bilan des deux ann\u00e9es de recherches men\u00e9es. <\/p>\n\n\n\n<p>Ce cycle a d\u00e9but\u00e9 par une r\u00e9flexion sur les reconstructions auxquelles nous assistons (leurs causes et leurs effets, en particulier la violation et le retrait des accord) puis sur les reconstructions potentielles auxquelles nous assistons (en particulier les n\u00e9gociations d&rsquo;un nouvel accord Start et la n\u00e9cessit\u00e9 d&rsquo;innover dans un contexte peu propice \u00e0 l&rsquo;\u00e9mergence d&rsquo;outil de confiance). Ces rencontres ont \u00e9t\u00e9 organis\u00e9es en partenariat avec des chercheurs du <a href=\"https:\/\/grip.org\" target=\"_blank\" rel=\"noopener\">GRIP<\/a>, du <a href=\"https:\/\/css.ethz.ch\/en\/\" target=\"_blank\" rel=\"noopener\">Center for security Studies de Zurich<\/a> ou de l&rsquo;<a href=\"https:\/\/www.ifri.org\" target=\"_blank\" rel=\"noopener\">IFRI<\/a>. Retrouvez le <a href=\"https:\/\/julien-ancelin.fr\/wp-admin\/upload.php?item=503\"><strong>programme de ces conf\u00e9rences<\/strong><\/a><\/p>\n","protected":false},"excerpt":{"rendered":"<p>Co-direction du programme de recherche pluridisciplinaire \u00ab\u00a0Le devenir de l&rsquo;arms control\u00ab\u00a0, D\u00e9partement Droit et transformations sociales de l&rsquo;Universit\u00e9 de Bordeaux, ann\u00e9es 2019 et 2020 L\u2019objet de ce projet&#8230;<\/p>\n","protected":false},"author":1,"featured_media":0,"parent":312,"menu_order":0,"comment_status":"closed","ping_status":"closed","template":"","meta":{"footnotes":""},"class_list":["post-463","page","type-page","status-publish","hentry"],"_links":{"self":[{"href":"https:\/\/julien-ancelin.fr\/index.php?rest_route=\/wp\/v2\/pages\/463","targetHints":{"allow":["GET"]}}],"collection":[{"href":"https:\/\/julien-ancelin.fr\/index.php?rest_route=\/wp\/v2\/pages"}],"about":[{"href":"https:\/\/julien-ancelin.fr\/index.php?rest_route=\/wp\/v2\/types\/page"}],"author":[{"embeddable":true,"href":"https:\/\/julien-ancelin.fr\/index.php?rest_route=\/wp\/v2\/users\/1"}],"replies":[{"embeddable":true,"href":"https:\/\/julien-ancelin.fr\/index.php?rest_route=%2Fwp%2Fv2%2Fcomments&post=463"}],"version-history":[{"count":7,"href":"https:\/\/julien-ancelin.fr\/index.php?rest_route=\/wp\/v2\/pages\/463\/revisions"}],"predecessor-version":[{"id":602,"href":"https:\/\/julien-ancelin.fr\/index.php?rest_route=\/wp\/v2\/pages\/463\/revisions\/602"}],"up":[{"embeddable":true,"href":"https:\/\/julien-ancelin.fr\/index.php?rest_route=\/wp\/v2\/pages\/312"}],"wp:attachment":[{"href":"https:\/\/julien-ancelin.fr\/index.php?rest_route=%2Fwp%2Fv2%2Fmedia&parent=463"}],"curies":[{"name":"wp","href":"https:\/\/api.w.org\/{rel}","templated":true}]}}