{"id":474,"date":"2020-11-17T18:38:00","date_gmt":"2020-11-17T17:38:00","guid":{"rendered":"https:\/\/julien-ancelin.fr\/?page_id=474"},"modified":"2024-03-09T23:08:00","modified_gmt":"2024-03-09T22:08:00","slug":"publications-scientifiques-2","status":"publish","type":"page","link":"https:\/\/julien-ancelin.fr\/?page_id=474","title":{"rendered":"Publications scientifiques"},"content":{"rendered":"\n<p class=\"has-text-align-center\"><strong><em>Lawfare<\/em>\u00a0: le droit en proc\u00e8s,\u00a0<\/strong><\/p>\n\n\n\n<p class=\"has-text-align-center\"><strong>(coord. scientifique avec A. F\u00e9rey) du num\u00e9ro sp\u00e9cial de <strong>Raisons politiques, Revue de th\u00e9orie politique, <\/strong>num\u00e9ro 85, Paris, Presses de Sc.po, 2022<\/strong><\/p>\n\n\n<div class=\"wp-block-image\">\n<figure class=\"alignright size-full is-resized\"><img loading=\"lazy\" decoding=\"async\" width=\"646\" height=\"1000\" src=\"https:\/\/julien-ancelin.fr\/wp-content\/uploads\/2024\/03\/27246100974370L-1.jpg\" alt=\"\" class=\"wp-image-779\" style=\"width:283px;height:auto\" srcset=\"https:\/\/julien-ancelin.fr\/wp-content\/uploads\/2024\/03\/27246100974370L-1.jpg 646w, https:\/\/julien-ancelin.fr\/wp-content\/uploads\/2024\/03\/27246100974370L-1-194x300.jpg 194w, https:\/\/julien-ancelin.fr\/wp-content\/uploads\/2024\/03\/27246100974370L-1-508x786.jpg 508w\" sizes=\"auto, (max-width: 646px) 100vw, 646px\" \/><\/figure>\n<\/div>\n\n\n<p>Ce num\u00e9ro sp\u00e9cial coordonn\u00e9 avec ma coll\u00e8gue politiste A. F\u00e9rey, r\u00e9uni un ensemble de travaux consacr\u00e9 \u00e0 l&rsquo;\u00e9tude th\u00e9orique du lawfare et \u00e0 interroger certaines de ses<em> <\/em>applications\/invocations. <br>Un premier article,  introductif, co-r\u00e9dig\u00e9 avec A. F\u00e9rey, questionne l&rsquo;existence d&rsquo;une \u00ab\u00a0th\u00e9orie du lawfare\u00a0\u00bb en sciences politiques et en droit. <br>Un second article \u00e9tudie ce que peut \u00eatre le lawfare pour l&rsquo;ordre juridique international : un discours de n\u00e9gation lorsqu&rsquo;il est mobilis\u00e9 par les Etats qui cherchent \u00e0 nier la normativit\u00e9 des r\u00e8gles qui les contraignent ou un outil critique lorsqu&rsquo;il est utilis\u00e9 par la doctrine pour mettre en lumi\u00e8re les d\u00e9fauts que connait le droit international contemporain.  <\/p>\n\n\n\n<p>Consulter cette <strong><a href=\"https:\/\/julien-ancelin.fr\/?page_id=9\">publication sur demande (via le formulaire de contact)<\/a><\/strong> ou sur le portail des Revues scientifiques en SHS <a href=\"https:\/\/www.cairn.info\/revue-raisons-politiques-2022-1.htm\" target=\"_blank\" rel=\"noopener\"><strong>Cairn.info<\/strong><\/a><\/p>\n\n\n\n<p><\/p>\n\n\n\n<p class=\"has-text-align-center\"><strong>La F\u00e9d\u00e9ration de Russie pratique-t-elle le&nbsp;<em>lawfare<\/em>&nbsp;? Quelques observations illustr\u00e9es du conflit opposant la F\u00e9d\u00e9ration de Russie et l\u2019Ukraine \u00e0 propos de la situation en Crim\u00e9e,&nbsp;<\/strong><\/p>\n\n\n\n<p class=\"has-text-align-center\"><strong><em>Annuaire fran\u00e7ais de relations internationales pour l\u2019ann\u00e9e 2019<\/em>, Paris, 2020<\/strong><\/p>\n\n\n<div class=\"wp-block-image is-resized\">\n<figure class=\"alignright size-large\"><img loading=\"lazy\" decoding=\"async\" width=\"335\" height=\"471\" src=\"https:\/\/julien-ancelin.fr\/wp-content\/uploads\/2020\/11\/afri.jpg\" alt=\"\" class=\"wp-image-543\" style=\"width:299px;height:auto\" srcset=\"https:\/\/julien-ancelin.fr\/wp-content\/uploads\/2020\/11\/afri.jpg 335w, https:\/\/julien-ancelin.fr\/wp-content\/uploads\/2020\/11\/afri-213x300.jpg 213w\" sizes=\"auto, (max-width: 335px) 100vw, 335px\" \/><\/figure>\n<\/div>\n\n\n<p>Cet article \u00e9tudie le rapport qu\u2019entretient la doctrine strat\u00e9gique russe \u00e0 l\u2019\u00e9gard du droit international. Le&nbsp;<em>lawfare<\/em>, en tant qu\u2019outil de politique juridique ext\u00e9rieure, constitue un moyen de pr\u00e9senter, d\u2019interroger et de mettre en cause les conditions dans lesquelles les normes internationales fa\u00e7onnent les conflictualit\u00e9s contemporaines. Envisageant le droit comme une m\u00e9thode de combat permettant la r\u00e9alisation d\u2019un objectif militaire, le terme participe \u00e0 d\u00e9centrer l\u2019analyse et \u00e0 porter une critique s\u00e9rieuse de la place qu\u2019il occupe aujourd\u2019hui pour pr\u00e9venir ou encadrer la violence arm\u00e9e. La F\u00e9d\u00e9ration de Russie n\u2019est pas \u00e0 l\u2019origine de cette construction, toutefois, son approche strat\u00e9gique envisage la fa\u00e7on dont le droit est employ\u00e9 dans les formes \u00ab&nbsp;hybrides&nbsp;\u00bb de conflictualit\u00e9 auxquelles elle fait face. Interroger le rapport que cette doctrine entretient avec le droit permet d\u2019\u00e9tudier l\u2019existence d\u2019une \u00e9ventuelle tendance strat\u00e9gique partag\u00e9e. L\u2019\u00e9tude est aliment\u00e9e d\u2019exemples tir\u00e9s du conflit qui oppose, depuis 2014, la F\u00e9d\u00e9ration de Russie et l\u2019Ukraine, \u00e0 propos, tout particuli\u00e8rement, de la situation de la Crim\u00e9e.&nbsp;<\/p>\n\n\n\n<p>Consulter cette <strong><a href=\"https:\/\/julien-ancelin.fr\/?page_id=9\">publication sur demande (via le formulaire de contact)<\/a><\/strong><\/p>\n","protected":false},"excerpt":{"rendered":"<p>Lawfare\u00a0: le droit en proc\u00e8s,\u00a0 (coord. scientifique avec A. F\u00e9rey) du num\u00e9ro sp\u00e9cial de Raisons politiques, Revue de th\u00e9orie politique, num\u00e9ro 85, Paris, Presses de Sc.po, 2022 Ce&#8230;<\/p>\n","protected":false},"author":1,"featured_media":0,"parent":303,"menu_order":0,"comment_status":"closed","ping_status":"closed","template":"","meta":{"footnotes":""},"class_list":["post-474","page","type-page","status-publish","hentry"],"_links":{"self":[{"href":"https:\/\/julien-ancelin.fr\/index.php?rest_route=\/wp\/v2\/pages\/474","targetHints":{"allow":["GET"]}}],"collection":[{"href":"https:\/\/julien-ancelin.fr\/index.php?rest_route=\/wp\/v2\/pages"}],"about":[{"href":"https:\/\/julien-ancelin.fr\/index.php?rest_route=\/wp\/v2\/types\/page"}],"author":[{"embeddable":true,"href":"https:\/\/julien-ancelin.fr\/index.php?rest_route=\/wp\/v2\/users\/1"}],"replies":[{"embeddable":true,"href":"https:\/\/julien-ancelin.fr\/index.php?rest_route=%2Fwp%2Fv2%2Fcomments&post=474"}],"version-history":[{"count":12,"href":"https:\/\/julien-ancelin.fr\/index.php?rest_route=\/wp\/v2\/pages\/474\/revisions"}],"predecessor-version":[{"id":786,"href":"https:\/\/julien-ancelin.fr\/index.php?rest_route=\/wp\/v2\/pages\/474\/revisions\/786"}],"up":[{"embeddable":true,"href":"https:\/\/julien-ancelin.fr\/index.php?rest_route=\/wp\/v2\/pages\/303"}],"wp:attachment":[{"href":"https:\/\/julien-ancelin.fr\/index.php?rest_route=%2Fwp%2Fv2%2Fmedia&parent=474"}],"curies":[{"name":"wp","href":"https:\/\/api.w.org\/{rel}","templated":true}]}}