{"id":547,"date":"2020-11-18T23:52:40","date_gmt":"2020-11-18T22:52:40","guid":{"rendered":"https:\/\/julien-ancelin.fr\/?page_id=547"},"modified":"2020-12-09T14:54:06","modified_gmt":"2020-12-09T13:54:06","slug":"2-4-2-colloque","status":"publish","type":"page","link":"https:\/\/julien-ancelin.fr\/?page_id=547","title":{"rendered":"Colloque"},"content":{"rendered":"\n<h5 class=\"has-text-align-center wp-block-heading\"><strong>Colloque \u00ab\u00a0Les vingt ans de l&rsquo;entr\u00e9e en vigueur de la convention sur l&rsquo;interdiction des armes chimiques\u00a0\u00bb, Universit\u00e9 de Bordeaux, 20 novembre 2017<\/strong><\/h5>\n\n\n\n<p class=\"has-text-align-center\">[Co-direction &#8211; communication &#8211; article]<\/p>\n\n\n\n<div class=\"wp-block-image\"><figure class=\"alignleft\"><img loading=\"lazy\" decoding=\"async\" width=\"211\" height=\"300\" src=\"http:\/\/julien-ancelin.fr\/wp-content\/uploads\/2020\/01\/Capture-d\u2019\u00e9cran-2020-01-03-\u00e0-00.44.37-211x300.png\" alt=\"\" class=\"wp-image-174\" srcset=\"https:\/\/julien-ancelin.fr\/wp-content\/uploads\/2020\/01\/Capture-d\u2019\u00e9cran-2020-01-03-\u00e0-00.44.37-211x300.png 211w, https:\/\/julien-ancelin.fr\/wp-content\/uploads\/2020\/01\/Capture-d\u2019\u00e9cran-2020-01-03-\u00e0-00.44.37-721x1024.png 721w, https:\/\/julien-ancelin.fr\/wp-content\/uploads\/2020\/01\/Capture-d\u2019\u00e9cran-2020-01-03-\u00e0-00.44.37-768x1091.png 768w, https:\/\/julien-ancelin.fr\/wp-content\/uploads\/2020\/01\/Capture-d\u2019\u00e9cran-2020-01-03-\u00e0-00.44.37.png 984w\" sizes=\"auto, (max-width: 211px) 100vw, 211px\" \/><\/figure><\/div>\n\n\n\n<p>Plus de vingt ans apr\u00e8s l\u2019entr\u00e9e en vigueur du Trait\u00e9 de Paris sur l\u2019interdiction des armes chimiques, la recrudescence contemporaine de l&rsquo;utilisation de ces armes interpelle.&nbsp;Les \u00e9quilibres qui pr\u00e9sidaient \u00e0 l\u2019adoption du Trait\u00e9 de Paris en 1993 ont \u00e9volu\u00e9. Les conditions de leur emploi, ou de menace de leur emploi, se sont adapt\u00e9es aux nouvelles formes de conflictualit\u00e9s (multiplication des conflits arm\u00e9s non internationaux, lutte contre le terrorisme). Les d\u00e9fis suscit\u00e9s par ces armes, pourtant illicites <em>per se<\/em>, se sont donc renouvel\u00e9s. Dans un contexte de d\u00e9veloppement du paradigme s\u00e9curitaire centr\u00e9 sur la s\u00e9curit\u00e9 humaine, ils laissent ainsi apparaitre des tensions impr\u00e9visibles lors de l\u2019entr\u00e9e en vigueur de l\u2019accord en 1997.<\/p>\n\n\n\n<p>Cette question a \u00e9t\u00e9 au coeur du colloque que nous avons tenu le 20 novembre 2017 \u00e0 l&rsquo;Universit\u00e9 de Bordeaux en partenariat avec l&rsquo;<strong><a href=\"https:\/\/www.opcw.org\/fr\" target=\"_blank\" rel=\"noopener\">OIAC<\/a><\/strong> de La Haye.<\/p>\n\n\n\n<p>Retrouvez le <a href=\"http:\/\/julien-ancelin.fr\/wp-content\/uploads\/2020\/01\/Fasc.-comm.-Colloques-armes-chimiques.pdf\"><strong>programme du colloque<\/strong><\/a><\/p>\n","protected":false},"excerpt":{"rendered":"<p>Colloque \u00ab\u00a0Les vingt ans de l&rsquo;entr\u00e9e en vigueur de la convention sur l&rsquo;interdiction des armes chimiques\u00a0\u00bb, Universit\u00e9 de Bordeaux, 20 novembre 2017 [Co-direction &#8211; communication &#8211; article] Plus&#8230;<\/p>\n","protected":false},"author":1,"featured_media":0,"parent":425,"menu_order":1,"comment_status":"closed","ping_status":"closed","template":"","meta":{"footnotes":""},"class_list":["post-547","page","type-page","status-publish","hentry"],"_links":{"self":[{"href":"https:\/\/julien-ancelin.fr\/index.php?rest_route=\/wp\/v2\/pages\/547","targetHints":{"allow":["GET"]}}],"collection":[{"href":"https:\/\/julien-ancelin.fr\/index.php?rest_route=\/wp\/v2\/pages"}],"about":[{"href":"https:\/\/julien-ancelin.fr\/index.php?rest_route=\/wp\/v2\/types\/page"}],"author":[{"embeddable":true,"href":"https:\/\/julien-ancelin.fr\/index.php?rest_route=\/wp\/v2\/users\/1"}],"replies":[{"embeddable":true,"href":"https:\/\/julien-ancelin.fr\/index.php?rest_route=%2Fwp%2Fv2%2Fcomments&post=547"}],"version-history":[{"count":4,"href":"https:\/\/julien-ancelin.fr\/index.php?rest_route=\/wp\/v2\/pages\/547\/revisions"}],"predecessor-version":[{"id":707,"href":"https:\/\/julien-ancelin.fr\/index.php?rest_route=\/wp\/v2\/pages\/547\/revisions\/707"}],"up":[{"embeddable":true,"href":"https:\/\/julien-ancelin.fr\/index.php?rest_route=\/wp\/v2\/pages\/425"}],"wp:attachment":[{"href":"https:\/\/julien-ancelin.fr\/index.php?rest_route=%2Fwp%2Fv2%2Fmedia&parent=547"}],"curies":[{"name":"wp","href":"https:\/\/api.w.org\/{rel}","templated":true}]}}