{"id":555,"date":"2020-11-19T00:04:53","date_gmt":"2020-11-18T23:04:53","guid":{"rendered":"https:\/\/julien-ancelin.fr\/?page_id=555"},"modified":"2020-11-19T22:16:17","modified_gmt":"2020-11-19T21:16:17","slug":"3-2-colloque-et-conferences","status":"publish","type":"page","link":"https:\/\/julien-ancelin.fr\/?page_id=555","title":{"rendered":"Colloques et conf\u00e9rences"},"content":{"rendered":"\n<p class=\"has-text-align-center\"><strong>Colloque \u00ab\u00a0Quelle(s) d\u00e9fense en Europe\u00a0\u00bb, Universit\u00e9 de Bordeaux, 4 novembre 2020<\/strong><\/p>\n\n\n\n<p class=\"has-text-align-center\">[Co-direction et communication]<\/p>\n\n\n\n<div class=\"wp-block-image\"><figure class=\"alignleft size-large is-resized\"><img loading=\"lazy\" decoding=\"async\" src=\"https:\/\/julien-ancelin.fr\/wp-content\/uploads\/2020\/11\/QDEE.png\" alt=\"\" class=\"wp-image-560\" width=\"228\" height=\"321\" srcset=\"https:\/\/julien-ancelin.fr\/wp-content\/uploads\/2020\/11\/QDEE.png 508w, https:\/\/julien-ancelin.fr\/wp-content\/uploads\/2020\/11\/QDEE-213x300.png 213w\" sizes=\"auto, (max-width: 228px) 100vw, 228px\" \/><\/figure><\/div>\n\n\n\n<p>Cette manifestation, tenue (en ligne) le 4 novembre 2020, a permis de proposer une approche interdisciplinaire des enjeux qui animent les d\u00e9bats contemporains sur la\/les d\u00e9fense(s) de l\u2019Europe. De l\u2019\u00e9chec de la Communaut\u00e9 europ\u00e9enne de d\u00e9fense au d\u00e9but des ann\u00e9es 1950, jusqu\u2019\u00e0 la mise en place d\u2019une Coop\u00e9ration structur\u00e9e permanente en mati\u00e8re de s\u00e9curit\u00e9 et de d\u00e9fense en d\u00e9cembre 2017, la d\u00e9fense europ\u00e9enne a connu des fortunes diverses.\u00a0Commun\u00e9ment d\u00e9fini \u00e0 l\u2019\u00e9chelle nationale, le concept de d\u00e9fense a ainsi pu \u00eatre interrog\u00e9 \u2013\u00a0tant sur le plan de la science politique, que du droit et de l\u2019\u00e9conomie \u2013 dans un contexte europ\u00e9en de ruptures multiples et de mutation des conflictualit\u00e9s.<\/p>\n\n\n\n<p>Lors de cet \u00e9v\u00e9nement, j&rsquo;ai eu l&rsquo;occasion d&rsquo;intervenir sur le sujet suivant : \u00ab\u00a0Les exportations d&rsquo;armements depuis l&rsquo;Union europ\u00e9enne: quelle strat\u00e9gie commune ?\u00a0\u00bb. Cette communication a permis de revenir sur les comp\u00e9tences de l&rsquo;Union europ\u00e9enne en mati\u00e8re de transferts d&rsquo;armes et sur les tensions irr\u00e9ductibles qui l&rsquo;habitent entre construction d&rsquo;une industrie continentale comp\u00e9titive et responsabilisation du commerce ext\u00e9rieur de ses Etats membres. <\/p>\n\n\n\n<p>Retrouver le<strong> <a href=\"https:\/\/julien-ancelin.fr\/wp-admin\/upload.php?item=561\">programme de cette manifestation<\/a><\/strong>, ainsi que les captations vid\u00e9os (\u00e0 venir)<\/p>\n\n\n\n<hr class=\"wp-block-separator has-text-color has-background has-black-background-color has-black-color is-style-dots\"\/>\n\n\n\n<p class=\"has-text-align-center\"><strong> Table ronde \u00e0 l&rsquo;occasion des journ\u00e9es Eurot\u00e9mis sur l&rsquo;Union europ\u00e9enne organis\u00e9es \u00e0 SciencePo Bordeaux sur \u00ab\u00a0L&rsquo;Europe de la d\u00e9fense\u00a0\u00bb, 2019<\/strong><\/p>\n\n\n\n<p class=\"has-text-align-center\">[Mod\u00e9ration]<\/p>\n\n\n\n<div class=\"wp-block-image\"><figure class=\"alignleft\"><img loading=\"lazy\" decoding=\"async\" width=\"217\" height=\"300\" src=\"http:\/\/julien-ancelin.fr\/wp-content\/uploads\/2020\/01\/Capture-d\u2019\u00e9cran-2020-01-16-\u00e0-17.14.24-217x300.png\" alt=\"\" class=\"wp-image-209\" srcset=\"https:\/\/julien-ancelin.fr\/wp-content\/uploads\/2020\/01\/Capture-d\u2019\u00e9cran-2020-01-16-\u00e0-17.14.24-217x300.png 217w, https:\/\/julien-ancelin.fr\/wp-content\/uploads\/2020\/01\/Capture-d\u2019\u00e9cran-2020-01-16-\u00e0-17.14.24-740x1024.png 740w, https:\/\/julien-ancelin.fr\/wp-content\/uploads\/2020\/01\/Capture-d\u2019\u00e9cran-2020-01-16-\u00e0-17.14.24-768x1063.png 768w, https:\/\/julien-ancelin.fr\/wp-content\/uploads\/2020\/01\/Capture-d\u2019\u00e9cran-2020-01-16-\u00e0-17.14.24.png 1026w\" sizes=\"auto, (max-width: 217px) 100vw, 217px\" \/><\/figure><\/div>\n\n\n\n<p>L&rsquo;animation de la premi\u00e8re table ronde de cette manifestation scientifique organis\u00e9e \u00e0 l&rsquo;IEP de Bordeaux avait pour intitul\u00e9 \u00ab\u00a0Une politique europ\u00e9enne de d\u00e9fense est-elle possible et souhaitable\u00a0\u00bb. Les questions pos\u00e9es \u00e0 cette occasion ont eu pour objet de faire dialoguer les intervenants (universitaires et politiques) sur l&rsquo;opportunit\u00e9 d&rsquo;approcher la d\u00e9fense \u00e0 une \u00e9chelle supranationale.<\/p>\n\n\n\n<p>Dans le contexte de la mise en place d&rsquo;une nouvelle commission europ\u00e9enne en 2019, r\u00e9solument tourn\u00e9e vers les questions de d\u00e9fense, les \u00e9changes ont analys\u00e9 les d\u00e9fis lanc\u00e9s aux institutions europ\u00e9ennes pour devenir un acteur cr\u00e9dible et n\u00e9cessaire, tant \u00e0 l&rsquo;\u00e9gard des Etats membres que d&rsquo;autres organisations internationales telles que l&rsquo;OTAN et les Nations Unies. <\/p>\n\n\n\n<p>Retrouvez le<strong> <a href=\"http:\/\/julien-ancelin.fr\/wp-content\/uploads\/2020\/01\/Programme-Eurot\u00e9mis-2019.pdf\">programme de ces journ\u00e9es<\/a><\/strong><\/p>\n\n\n\n<hr class=\"wp-block-separator has-text-color has-background has-black-background-color has-black-color is-style-dots\"\/>\n\n\n\n<p class=\"has-text-align-center\"><strong>Colloque du projet de recherche ConflictArm organis\u00e9 \u00e0 l&rsquo;Universit\u00e9 de Bordeaux, \u00ab\u00a0\u00a0\u00bbLa conflictualit\u00e9 arm\u00e9e: enjeux interdisciplinaires\u00a0\u00bb, 2019<\/strong><\/p>\n\n\n\n<p class=\"has-text-align-center\">[Communication]<\/p>\n\n\n\n<div class=\"wp-block-image\"><figure class=\"alignleft\"><img loading=\"lazy\" decoding=\"async\" width=\"212\" height=\"300\" src=\"http:\/\/julien-ancelin.fr\/wp-content\/uploads\/2020\/01\/Capture-d\u2019\u00e9cran-2020-01-16-\u00e0-16.50.23-212x300.png\" alt=\"\" class=\"wp-image-205\" srcset=\"https:\/\/julien-ancelin.fr\/wp-content\/uploads\/2020\/01\/Capture-d\u2019\u00e9cran-2020-01-16-\u00e0-16.50.23-212x300.png 212w, https:\/\/julien-ancelin.fr\/wp-content\/uploads\/2020\/01\/Capture-d\u2019\u00e9cran-2020-01-16-\u00e0-16.50.23-725x1024.png 725w, https:\/\/julien-ancelin.fr\/wp-content\/uploads\/2020\/01\/Capture-d\u2019\u00e9cran-2020-01-16-\u00e0-16.50.23-768x1084.png 768w, https:\/\/julien-ancelin.fr\/wp-content\/uploads\/2020\/01\/Capture-d\u2019\u00e9cran-2020-01-16-\u00e0-16.50.23.png 1078w\" sizes=\"auto, (max-width: 212px) 100vw, 212px\" \/><\/figure><\/div>\n\n\n\n<p>Cette communication avait pour objet la strat\u00e9gie de l&rsquo;Union europ\u00e9enne en mati\u00e8re d&rsquo;exportation de biens \u00e0 double usage. Dans un contexte de r\u00e9novation du dispositif europ\u00e9en relatif \u00e0 l&rsquo;exportation de ces marchandises, la communication visait \u00e0 pr\u00e9senter le projet de refonte du r\u00e8glement applicable et \u00e0 mettre en lumi\u00e8re les difficult\u00e9s des institutions europ\u00e9ennes (Conseil, Commission, Parlement) pour parvenir \u00e0 un accord (qui n&rsquo;a toujours \u00e9t\u00e9 d\u00e9finitivement adopt\u00e9).<\/p>\n\n\n\n<p>Face \u00e0 la diffusion des menaces (notamment dans le domaine des marchandises utilis\u00e9es dans le cadre cyber) le contr\u00f4le de ces biens r\u00e9v\u00e8le que l&rsquo;Union ne parvient pas \u00e0 trouver une voie d&rsquo;\u00e9quilibre entre deux objectifs: la protection de la s\u00e9curit\u00e9 humaine d&rsquo;une part et le maintien de la comp\u00e9titivit\u00e9 de son tissu industriel d&rsquo;autre part.<\/p>\n\n\n\n<p>Retrouvez le <a href=\"http:\/\/julien-ancelin.fr\/wp-content\/uploads\/2020\/01\/Programme-colloque.pdf\"><strong>programme de ce colloque<\/strong><\/a><\/p>\n\n\n\n<p>Retrouvez la<a href=\"https:\/\/www.canal-u.tv\/video\/universite_de_bordeaux\/les_exportations_de_biens_a_double_usage_quelle_strategie_pour_l_union_europeenne.53835\" target=\"_blank\" rel=\"noopener\"> <strong>vid\u00e9o de l&rsquo;intervention<\/strong><\/a> (ainsi que <a href=\"http:\/\/www.teletoile.u-bordeaux.fr\/2019_2020\/Conflictarm\/index.html#Interface_ConflictArm_1768\" target=\"_blank\" rel=\"noopener\"><strong>celles des autres intervenants<\/strong><\/a>)<\/p>\n\n\n\n<p><\/p>\n","protected":false},"excerpt":{"rendered":"<p>Colloque \u00ab\u00a0Quelle(s) d\u00e9fense en Europe\u00a0\u00bb, Universit\u00e9 de Bordeaux, 4 novembre 2020 [Co-direction et communication] Cette manifestation, tenue (en ligne) le 4 novembre 2020, a permis de proposer une&#8230;<\/p>\n","protected":false},"author":1,"featured_media":0,"parent":307,"menu_order":0,"comment_status":"closed","ping_status":"closed","template":"","meta":{"footnotes":""},"class_list":["post-555","page","type-page","status-publish","hentry"],"_links":{"self":[{"href":"https:\/\/julien-ancelin.fr\/index.php?rest_route=\/wp\/v2\/pages\/555","targetHints":{"allow":["GET"]}}],"collection":[{"href":"https:\/\/julien-ancelin.fr\/index.php?rest_route=\/wp\/v2\/pages"}],"about":[{"href":"https:\/\/julien-ancelin.fr\/index.php?rest_route=\/wp\/v2\/types\/page"}],"author":[{"embeddable":true,"href":"https:\/\/julien-ancelin.fr\/index.php?rest_route=\/wp\/v2\/users\/1"}],"replies":[{"embeddable":true,"href":"https:\/\/julien-ancelin.fr\/index.php?rest_route=%2Fwp%2Fv2%2Fcomments&post=555"}],"version-history":[{"count":9,"href":"https:\/\/julien-ancelin.fr\/index.php?rest_route=\/wp\/v2\/pages\/555\/revisions"}],"predecessor-version":[{"id":668,"href":"https:\/\/julien-ancelin.fr\/index.php?rest_route=\/wp\/v2\/pages\/555\/revisions\/668"}],"up":[{"embeddable":true,"href":"https:\/\/julien-ancelin.fr\/index.php?rest_route=\/wp\/v2\/pages\/307"}],"wp:attachment":[{"href":"https:\/\/julien-ancelin.fr\/index.php?rest_route=%2Fwp%2Fv2%2Fmedia&parent=555"}],"curies":[{"name":"wp","href":"https:\/\/api.w.org\/{rel}","templated":true}]}}