{"id":8,"date":"2019-12-30T22:55:36","date_gmt":"2019-12-30T21:55:36","guid":{"rendered":"http:\/\/julien-ancelin.fr\/?page_id=8"},"modified":"2025-09-24T18:34:58","modified_gmt":"2025-09-24T16:34:58","slug":"accueil","status":"publish","type":"page","link":"https:\/\/julien-ancelin.fr\/","title":{"rendered":"Bienvenue"},"content":{"rendered":"<div class=\"wp-block-image\">\n<figure class=\"alignleft size-large is-resized\"><img loading=\"lazy\" decoding=\"async\" width=\"717\" height=\"1024\" src=\"https:\/\/julien-ancelin.fr\/wp-content\/uploads\/2024\/03\/thumbnail_thumbnail_IMG_6152-1-717x1024.jpg\" alt=\"\" class=\"wp-image-817\" style=\"aspect-ratio:0.7862318840579711;width:269px;height:auto\" srcset=\"https:\/\/julien-ancelin.fr\/wp-content\/uploads\/2024\/03\/thumbnail_thumbnail_IMG_6152-1-717x1024.jpg 717w, https:\/\/julien-ancelin.fr\/wp-content\/uploads\/2024\/03\/thumbnail_thumbnail_IMG_6152-1-210x300.jpg 210w, https:\/\/julien-ancelin.fr\/wp-content\/uploads\/2024\/03\/thumbnail_thumbnail_IMG_6152-1-768x1096.jpg 768w, https:\/\/julien-ancelin.fr\/wp-content\/uploads\/2024\/03\/thumbnail_thumbnail_IMG_6152-1-508x725.jpg 508w, https:\/\/julien-ancelin.fr\/wp-content\/uploads\/2024\/03\/thumbnail_thumbnail_IMG_6152-1.jpg 940w\" sizes=\"auto, (max-width: 717px) 100vw, 717px\" \/><\/figure>\n<\/div>\n\n<p style=\"text-align: left;\">Docteur en droit, j&rsquo;exerce aujourd&rsquo;hui des fonctions de maitre de conf\u00e9rences en droit public \u00e0 la Facult\u00e9 de droit et science politique de l&rsquo;Universit\u00e9 C\u00f4te d&rsquo;Azur (UCA) \u00e0 Nice.<\/p>\n<p style=\"text-align: left;\">Membre du Laboratoire de droit international et europ\u00e9en (<a href=\"https:\/\/ladie.univ-cotedazur.fr\" target=\"_blank\" rel=\"noopener\">LADIE<\/a>\u00a0&#8211; UPR 7414), et de l&rsquo;Institut de la Paix et du D\u00e9veloppement (<a href=\"https:\/\/idpd.univ-cotedazur.fr\" target=\"_blank\" rel=\"noopener\">IdPD<\/a>) de l&rsquo;Universit\u00e9 C\u00f4te d&rsquo;Azur, et chercheur associ\u00e9 au Centre de recherches et de documentations europ\u00e9ennes et internationales (<a href=\"https:\/\/crdei.u-bordeaux.fr\" target=\"_blank\" rel=\"noopener\">CRDEI<\/a>) de l&rsquo;Universit\u00e9 de Bordeaux, je centre mes activit\u00e9s sur le droit international et les droits europ\u00e9ens, en particulier sur les enjeux de d\u00e9fense et de s\u00e9curit\u00e9 (qu&rsquo;ils soient th\u00e9oriques ou appliqu\u00e9s, et \u00e0 l&rsquo;\u00e9chelle nationale, europ\u00e9enne et internationale) dans leurs dimensions strat\u00e9giques, \u00e9conomiques et contentieuses.<\/p>\n<p>Vous pouvez retrouver mon profil chercheur sur <a href=\"https:\/\/cv.archives-ouvertes.fr\/julienancelin\" target=\"_blank\" rel=\"noopener\">HAL<\/a> et\u00a0<a href=\"https:\/\/orcid.org\/0000-0002-9262-0818\" target=\"_blank\" rel=\"noopener\">ORCID<\/a><\/p>\n<p>Vous pouvez retrouver mes actualit\u00e9s sur mon fil d&rsquo;actualit\u00e9 LinkedIn :\u00a0<\/p>\n\n\n<p><a href=\"https:\/\/www.linkedin.com\/in\/dr-julien-ancelin\" target=\"_blank\" rel=\"noopener\">https:\/\/www.linkedin.com\/in\/dr-julien-ancelin<\/a><\/p>\n\n\n\n<p><\/p>\n","protected":false},"excerpt":{"rendered":"<p>Docteur en droit, j&rsquo;exerce aujourd&rsquo;hui des fonctions de maitre de conf\u00e9rences en droit public \u00e0 la Facult\u00e9 de droit et science politique de l&rsquo;Universit\u00e9 C\u00f4te d&rsquo;Azur (UCA) \u00e0&#8230;<\/p>\n","protected":false},"author":1,"featured_media":0,"parent":0,"menu_order":0,"comment_status":"closed","ping_status":"closed","template":"","meta":{"footnotes":""},"class_list":["post-8","page","type-page","status-publish","hentry"],"_links":{"self":[{"href":"https:\/\/julien-ancelin.fr\/index.php?rest_route=\/wp\/v2\/pages\/8","targetHints":{"allow":["GET"]}}],"collection":[{"href":"https:\/\/julien-ancelin.fr\/index.php?rest_route=\/wp\/v2\/pages"}],"about":[{"href":"https:\/\/julien-ancelin.fr\/index.php?rest_route=\/wp\/v2\/types\/page"}],"author":[{"embeddable":true,"href":"https:\/\/julien-ancelin.fr\/index.php?rest_route=\/wp\/v2\/users\/1"}],"replies":[{"embeddable":true,"href":"https:\/\/julien-ancelin.fr\/index.php?rest_route=%2Fwp%2Fv2%2Fcomments&post=8"}],"version-history":[{"count":62,"href":"https:\/\/julien-ancelin.fr\/index.php?rest_route=\/wp\/v2\/pages\/8\/revisions"}],"predecessor-version":[{"id":848,"href":"https:\/\/julien-ancelin.fr\/index.php?rest_route=\/wp\/v2\/pages\/8\/revisions\/848"}],"wp:attachment":[{"href":"https:\/\/julien-ancelin.fr\/index.php?rest_route=%2Fwp%2Fv2%2Fmedia&parent=8"}],"curies":[{"name":"wp","href":"https:\/\/api.w.org\/{rel}","templated":true}]}}